{"id":187033,"date":"2020-09-12T18:16:57","date_gmt":"2020-09-12T16:16:57","guid":{"rendered":"https:\/\/chefacademy.it\/?page_id=187033"},"modified":"2020-09-12T18:16:57","modified_gmt":"2020-09-12T16:16:57","slug":"dieci-buoni-motivi-per-scegliere-chef-academy","status":"publish","type":"page","link":"https:\/\/chefacademy.it\/ru\/dieci-buoni-motivi-per-scegliere-chef-academy\/","title":{"rendered":"Dieci Buoni Motivi per Scegliere Chef Academy"},"content":{"rendered":"<p><span class=\"circle\">1<\/span><strong class=\"title\">CORSO CON RILASCIO DI QUALIFICA PROFESSIONALE<\/strong><br \/>\nI corsi della\u00a0<strong>Chef Academy<\/strong>\u00a0di Tekna Formazione sono inserti nel catalogo dell\u2019offerta formativa della\u00a0<strong>Regione Umbria<\/strong>\u00a0e rilasciano una\u00a0<strong>qualifica professionale legalmente riconosciuta<\/strong>\u00a0ai sensi della\u00a0<strong>legge 845\/78<\/strong>\u00a0per\u00a0<a href=\"https:\/\/chefacademy.it\/it\/catalogo-corsi\/con-qualifica-professionale-legalmente-riconosciuta\/item\/15-corso-di-cuoco\">cuoco\u00a0<\/a><strong>,\u00a0<a href=\"https:\/\/chefacademy.it\/it\/catalogo-corsi\/con-qualifica-professionale-legalmente-riconosciuta\/item\/9-corso-di-aiuto-cuoco\">aiuto cuoco<\/a>,\u00a0<a href=\"https:\/\/chefacademy.it\/it\/catalogo-corsi\/con-qualifica-professionale-legalmente-riconosciuta\/item\/223-corso-di-pasticcere-con-qualifica-professionale-legalmente-riconosciuta-durata-200-ore\">pasticcere<\/a>\u00a0e\u00a0<a href=\"https:\/\/chefacademy.it\/it\/catalogo-corsi\/con-qualifica-professionale-legalmente-riconosciuta\/corso-di-pizzaiolo\" target=\"_blank\" rel=\"noopener noreferrer\">pizzaiolo<\/a><\/strong>. L\u2019attestato ha valore legale\u00a0<strong>su tutto il territorio nazionale e comunitario.<\/strong><\/p>\n<p><span class=\"circle\">2<\/span><strong class=\"title\">APPROCCIO PRATICO ALLE LEZIONI IN CUCINA<\/strong><br \/>\nIl corso viene realizzato presso cucine professionali attrezzate con le migliori tecnologie e prevede un\u00a0<strong>approccio decisamente pratico<\/strong>. Il corso affronter\u00e0 tutte le tematiche utili per la realizzazione pratica di una o pi\u00f9 ricette relative all&#8217;argomento del giorno.<\/p>\n<p><span class=\"circle\">3<\/span><strong class=\"title\">COLLABORAZIONI PRESTIGIOSE<\/strong><br \/>\nLa Chef Academy si avvale della collaborazione\u00a0<strong>dell\u2019URCU<\/strong>\u00a0(Unione Regionale Cuochi Umbri) della\u00a0<strong>Federazione Italiana Cuochi<\/strong>, dell\u2019equipe eccellenze della\u00a0<strong>FIP<\/strong>\u00a0(Federazione Italiana Pasticceri), di\u00a0<strong>Slow Food Terre dell\u2019Umbria Meridionale<\/strong>, dell\u2019<strong>AIS Umbria<\/strong>\u00a0(Associazione Italiana Sommelier) e di numerose aziende leader del settore. La collaborazione scientifica \u00e8 garantita da docenti nutrizionisti professionisti.<\/p>\n<p><span class=\"circle\">4<\/span><strong class=\"title\">SIMULAZIONI DI SERVIZIO\u00a0<\/strong><br \/>\nDurante il corso sono previste simulazioni di servizio, dove gli studenti verranno messi alla prova attraverso la realizzazione di un men\u00f9 che dovr\u00e0 rispettare i tempi e gli standard di alta qualit\u00e0.<\/p>\n<p><span class=\"circle\">5<\/span><strong class=\"title\">DEGUSTAZIONE, ANALISI SENSORIALE ABBINAMENTI CIBO\/VINO<\/strong><br \/>\nEsperti sommelier terranno lezioni specialistiche sul tema abbinamento cibo\/vino, che forniranno utili strumenti per consentire agli chef di esaltare i piatti realizzati e di conoscere i corretti abbinamenti da utilizzare con le pietanze servite.<\/p>\n<p><span class=\"circle\">6<\/span><strong class=\"title\">APPROFONDIMENTI TEMATICI<\/strong><br \/>\nUn percorso alla scoperta del gusto attraverso momenti di confronto e di approfondimento su temi specifici come la\u00a0<strong>percezione sensoriale del gusto<\/strong>\u00a0e\u00a0<strong>saper leggere l\u2019etichettatura dei prodotti<\/strong>. Inoltre sono previsti\u00a0<strong>laboratori<\/strong>\u00a0di degustazione su\u00a0<strong>olio, formaggi e salumi<\/strong>.<\/p>\n<p><span class=\"circle\">7<\/span><strong class=\"title\">SESSIONI DI SERVIZIO CON OSPITI ESTERNI<\/strong><br \/>\nDurante il corso potranno essere realizzate brevi esperienze pratiche serali\u00a0<strong>presso il ristornate della Chef Academy<\/strong>, per far calare lo studente immediatamente in una realt\u00e0 operativa di un ristorante professionale e per prepararsi al successivo stage.<\/p>\n<p><span class=\"circle\">8<\/span><strong class=\"title\">STAGE CON BENEFIT NEI MIGLIORI RISTORANTI IN TUTTA ITALIA<\/strong><br \/>\nLo\u00a0<strong>stage<\/strong>\u00a0rappresenta la porta di ingresso al mondo del lavoro. Abbiamo selezionato e convenzionato i migliori ristoranti in tutta Italia (<a href=\"https:\/\/chefacademy.it\/it\/stages7\">oltre 1000 &#8212; vedi elenco<\/a>),\u00a0<strong>segnalati dalle guide pi\u00f9 prestigiose<\/strong>, per garantire le migliore collocazione sia in termini di crescita professionale che di successiva possibilit\u00e0 occupazionale. Molte strutture offrono agli studenti interessanti\u00a0<strong>benefit<\/strong>\u00a0(vitto,alloggio, rimborsi spese, interesse alla continuazione del rapporto di lavoro).<\/p>\n<p><span class=\"circle\">9<\/span><strong class=\"title\">ALTA QUALITA&#8217; DELLA DOCENZA<\/strong><br \/>\nUno\u00a0<a href=\"https:\/\/chefacademy.it\/it\/staff\"><strong>staff di eccellenza<\/strong><\/a>:\u00a0Chef professionisti e stellati, Maestri Pasticceri, Maestri Pizzaioli, sommelier, maitre, docenti Universitari ed esperti\u00a0formatori, garantiscono una\u00a0<strong>formazione di altissimo livello<\/strong>\u00a0ai nostri studenti.<\/p>\n<p><span class=\"circle\">10<\/span><strong class=\"title\">LABORATORI ATTREZZATI CON LE PIU\u2019 MODERNE TECNOLOGIE<\/strong><br \/>\nLa presenza di 4 laboratori specialistici modernamente attrezzati, 3 aule multimediali e una sala ristorante per gli eventi, consentono di poter svolgere le lezioni negli ambienti pi\u00f9 idonei e con le attrezzature pi\u00f9 specifiche per favorire il corretto apprendimento degli studenti.<\/p>\n","protected":false},"excerpt":{"rendered":"<p>1CORSO CON RILASCIO DI QUALIFICA PROFESSIONALE I corsi della\u00a0Chef Academy\u00a0di Tekna Formazione sono inserti nel catalogo dell\u2019offerta formativa della\u00a0Regione Umbria\u00a0e rilasciano una\u00a0qualifica professionale legalmente riconosciuta\u00a0ai sensi della\u00a0legge 845\/78\u00a0per\u00a0cuoco\u00a0,\u00a0aiuto cuoco,\u00a0pasticcere\u00a0e\u00a0pizzaiolo. L\u2019attestato ha valore legale\u00a0su tutto il territorio nazionale e comunitario. 2APPROCCIO PRATICO ALLE LEZIONI IN CUCINA Il corso viene realizzato presso cucine professionali attrezzate con le [&hellip;]<\/p>\n","protected":false},"author":1,"featured_media":0,"parent":0,"menu_order":22,"comment_status":"closed","ping_status":"closed","template":"","meta":{"footnotes":""},"class_list":["post-187033","page","type-page","status-publish","hentry"],"acf":[],"yoast_head":"<!-- This site is optimized with the Yoast SEO plugin v25.4 - https:\/\/yoast.com\/wordpress\/plugins\/seo\/ -->\n<title>Dieci Buoni Motivi per Scegliere Chef Academy - Chefacademy<\/title>\n<meta name=\"robots\" content=\"index, follow, max-snippet:-1, max-image-preview:large, max-video-preview:-1\" \/>\n<link rel=\"canonical\" href=\"https:\/\/chefacademy.it\/dieci-buoni-motivi-per-scegliere-chef-academy\/\" \/>\n<meta property=\"og:locale\" content=\"ru_RU\" \/>\n<meta property=\"og:type\" content=\"article\" \/>\n<meta property=\"og:title\" content=\"Dieci Buoni Motivi per Scegliere Chef Academy - Chefacademy\" \/>\n<meta property=\"og:description\" content=\"1CORSO CON RILASCIO DI QUALIFICA PROFESSIONALE I corsi della\u00a0Chef Academy\u00a0di Tekna Formazione sono inserti nel catalogo dell\u2019offerta formativa della\u00a0Regione Umbria\u00a0e rilasciano una\u00a0qualifica professionale legalmente riconosciuta\u00a0ai sensi della\u00a0legge 845\/78\u00a0per\u00a0cuoco\u00a0,\u00a0aiuto cuoco,\u00a0pasticcere\u00a0e\u00a0pizzaiolo. L\u2019attestato ha valore legale\u00a0su tutto il territorio nazionale e comunitario. 2APPROCCIO PRATICO ALLE LEZIONI IN CUCINA Il corso viene realizzato presso cucine professionali attrezzate con le [&hellip;]\" \/>\n<meta property=\"og:url\" content=\"https:\/\/chefacademy.it\/dieci-buoni-motivi-per-scegliere-chef-academy\/\" \/>\n<meta property=\"og:site_name\" content=\"Chefacademy\" \/>\n<meta name=\"twitter:card\" content=\"summary_large_image\" \/>\n<meta name=\"twitter:label1\" content=\"\u041f\u0440\u0438\u043c\u0435\u0440\u043d\u043e\u0435 \u0432\u0440\u0435\u043c\u044f \u0434\u043b\u044f \u0447\u0442\u0435\u043d\u0438\u044f\" \/>\n\t<meta name=\"twitter:data1\" content=\"2 \u043c\u0438\u043d\u0443\u0442\u044b\" \/>\n<script type=\"application\/ld+json\" class=\"yoast-schema-graph\">{\"@context\":\"https:\/\/schema.org\",\"@graph\":[{\"@type\":\"WebPage\",\"@id\":\"https:\/\/chefacademy.it\/dieci-buoni-motivi-per-scegliere-chef-academy\/\",\"url\":\"https:\/\/chefacademy.it\/dieci-buoni-motivi-per-scegliere-chef-academy\/\",\"name\":\"Dieci Buoni Motivi per Scegliere Chef Academy - Chefacademy\",\"isPartOf\":{\"@id\":\"https:\/\/chefacademy.it\/#website\"},\"datePublished\":\"2020-09-12T16:16:57+00:00\",\"breadcrumb\":{\"@id\":\"https:\/\/chefacademy.it\/dieci-buoni-motivi-per-scegliere-chef-academy\/#breadcrumb\"},\"inLanguage\":\"ru-RU\",\"potentialAction\":[{\"@type\":\"ReadAction\",\"target\":[\"https:\/\/chefacademy.it\/dieci-buoni-motivi-per-scegliere-chef-academy\/\"]}]},{\"@type\":\"BreadcrumbList\",\"@id\":\"https:\/\/chefacademy.it\/dieci-buoni-motivi-per-scegliere-chef-academy\/#breadcrumb\",\"itemListElement\":[{\"@type\":\"ListItem\",\"position\":1,\"name\":\"Home\",\"item\":\"https:\/\/chefacademy.it\/ru\/\"},{\"@type\":\"ListItem\",\"position\":2,\"name\":\"Dieci Buoni Motivi per Scegliere Chef Academy\"}]},{\"@type\":\"WebSite\",\"@id\":\"https:\/\/chefacademy.it\/#website\",\"url\":\"https:\/\/chefacademy.it\/\",\"name\":\"Chefacademy\",\"description\":\"Scuola professionale di cucina\",\"potentialAction\":[{\"@type\":\"SearchAction\",\"target\":{\"@type\":\"EntryPoint\",\"urlTemplate\":\"https:\/\/chefacademy.it\/?s={search_term_string}\"},\"query-input\":{\"@type\":\"PropertyValueSpecification\",\"valueRequired\":true,\"valueName\":\"search_term_string\"}}],\"inLanguage\":\"ru-RU\"}]}<\/script>\n<!-- \/ Yoast SEO plugin. -->","yoast_head_json":{"title":"Dieci Buoni Motivi per Scegliere Chef Academy - Chefacademy","robots":{"index":"index","follow":"follow","max-snippet":"max-snippet:-1","max-image-preview":"max-image-preview:large","max-video-preview":"max-video-preview:-1"},"canonical":"https:\/\/chefacademy.it\/dieci-buoni-motivi-per-scegliere-chef-academy\/","og_locale":"ru_RU","og_type":"article","og_title":"Dieci Buoni Motivi per Scegliere Chef Academy - Chefacademy","og_description":"1CORSO CON RILASCIO DI QUALIFICA PROFESSIONALE I corsi della\u00a0Chef Academy\u00a0di Tekna Formazione sono inserti nel catalogo dell\u2019offerta formativa della\u00a0Regione Umbria\u00a0e rilasciano una\u00a0qualifica professionale legalmente riconosciuta\u00a0ai sensi della\u00a0legge 845\/78\u00a0per\u00a0cuoco\u00a0,\u00a0aiuto cuoco,\u00a0pasticcere\u00a0e\u00a0pizzaiolo. L\u2019attestato ha valore legale\u00a0su tutto il territorio nazionale e comunitario. 2APPROCCIO PRATICO ALLE LEZIONI IN CUCINA Il corso viene realizzato presso cucine professionali attrezzate con le [&hellip;]","og_url":"https:\/\/chefacademy.it\/dieci-buoni-motivi-per-scegliere-chef-academy\/","og_site_name":"Chefacademy","twitter_card":"summary_large_image","twitter_misc":{"\u041f\u0440\u0438\u043c\u0435\u0440\u043d\u043e\u0435 \u0432\u0440\u0435\u043c\u044f \u0434\u043b\u044f \u0447\u0442\u0435\u043d\u0438\u044f":"2 \u043c\u0438\u043d\u0443\u0442\u044b"},"schema":{"@context":"https:\/\/schema.org","@graph":[{"@type":"WebPage","@id":"https:\/\/chefacademy.it\/dieci-buoni-motivi-per-scegliere-chef-academy\/","url":"https:\/\/chefacademy.it\/dieci-buoni-motivi-per-scegliere-chef-academy\/","name":"Dieci Buoni Motivi per Scegliere Chef Academy - Chefacademy","isPartOf":{"@id":"https:\/\/chefacademy.it\/#website"},"datePublished":"2020-09-12T16:16:57+00:00","breadcrumb":{"@id":"https:\/\/chefacademy.it\/dieci-buoni-motivi-per-scegliere-chef-academy\/#breadcrumb"},"inLanguage":"ru-RU","potentialAction":[{"@type":"ReadAction","target":["https:\/\/chefacademy.it\/dieci-buoni-motivi-per-scegliere-chef-academy\/"]}]},{"@type":"BreadcrumbList","@id":"https:\/\/chefacademy.it\/dieci-buoni-motivi-per-scegliere-chef-academy\/#breadcrumb","itemListElement":[{"@type":"ListItem","position":1,"name":"Home","item":"https:\/\/chefacademy.it\/ru\/"},{"@type":"ListItem","position":2,"name":"Dieci Buoni Motivi per Scegliere Chef Academy"}]},{"@type":"WebSite","@id":"https:\/\/chefacademy.it\/#website","url":"https:\/\/chefacademy.it\/","name":"Chefacademy","description":"Scuola professionale di cucina","potentialAction":[{"@type":"SearchAction","target":{"@type":"EntryPoint","urlTemplate":"https:\/\/chefacademy.it\/?s={search_term_string}"},"query-input":{"@type":"PropertyValueSpecification","valueRequired":true,"valueName":"search_term_string"}}],"inLanguage":"ru-RU"}]}},"_links":{"self":[{"href":"https:\/\/chefacademy.it\/ru\/wp-json\/wp\/v2\/pages\/187033","targetHints":{"allow":["GET"]}}],"collection":[{"href":"https:\/\/chefacademy.it\/ru\/wp-json\/wp\/v2\/pages"}],"about":[{"href":"https:\/\/chefacademy.it\/ru\/wp-json\/wp\/v2\/types\/page"}],"author":[{"embeddable":true,"href":"https:\/\/chefacademy.it\/ru\/wp-json\/wp\/v2\/users\/1"}],"replies":[{"embeddable":true,"href":"https:\/\/chefacademy.it\/ru\/wp-json\/wp\/v2\/comments?post=187033"}],"version-history":[{"count":1,"href":"https:\/\/chefacademy.it\/ru\/wp-json\/wp\/v2\/pages\/187033\/revisions"}],"predecessor-version":[{"id":187034,"href":"https:\/\/chefacademy.it\/ru\/wp-json\/wp\/v2\/pages\/187033\/revisions\/187034"}],"wp:attachment":[{"href":"https:\/\/chefacademy.it\/ru\/wp-json\/wp\/v2\/media?parent=187033"}],"curies":[{"name":"wp","href":"https:\/\/api.w.org\/{rel}","templated":true}]}}