{"id":115672,"date":"2015-01-19T17:59:59","date_gmt":"2015-01-19T16:59:59","guid":{"rendered":"https:\/\/chefacademy.it\/certificados-otorgados\/"},"modified":"2020-10-11T14:10:46","modified_gmt":"2020-10-11T12:10:46","slug":"certificados-otorgados","status":"publish","type":"page","link":"https:\/\/chefacademy.it\/ru\/certificados-otorgados\/","title":{"rendered":"Certificados otorgados"},"content":{"rendered":"<h4>Todos nuestros cursos prev\u00e9n el otorgamiento, a los id\u00f3neos, de un certificado de t\u00edtulo profesional legamente reconocido seg\u00fan la ley 845\/78 v\u00e1lido en todo el territorio nacional y comunitario. Adem\u00e1s, de la previa frecuencia obligatoria e idoneidad al test del m\u00f3dulo final, ser\u00e1n otorgados 2 certificados adicionales: HACCP y seguridad en los lugares de trabajo para los adeptos al servicio de Restaurant.<\/h4>\n","protected":false},"excerpt":{"rendered":"<p>Todos nuestros cursos prev\u00e9n el otorgamiento, a los id\u00f3neos, de un certificado de t\u00edtulo profesional legamente reconocido seg\u00fan la ley 845\/78 v\u00e1lido en todo el territorio nacional y comunitario. Adem\u00e1s, de la previa frecuencia obligatoria e idoneidad al test del m\u00f3dulo final, ser\u00e1n otorgados 2 certificados adicionales: HACCP y seguridad en los lugares de trabajo [&hellip;]<\/p>\n","protected":false},"author":2094,"featured_media":0,"parent":0,"menu_order":147,"comment_status":"open","ping_status":"closed","template":"","meta":{"footnotes":""},"class_list":["post-115672","page","type-page","status-publish","hentry"],"acf":[],"yoast_head":"<!-- This site is optimized with the Yoast SEO plugin v25.4 - https:\/\/yoast.com\/wordpress\/plugins\/seo\/ -->\n<title>Certificados otorgados - Chefacademy<\/title>\n<meta name=\"robots\" content=\"index, follow, max-snippet:-1, max-image-preview:large, max-video-preview:-1\" \/>\n<link rel=\"canonical\" href=\"https:\/\/chefacademy.it\/es\/certificados-otorgados\/\" \/>\n<meta property=\"og:locale\" content=\"ru_RU\" \/>\n<meta property=\"og:type\" content=\"article\" \/>\n<meta property=\"og:title\" content=\"Certificados otorgados - Chefacademy\" \/>\n<meta property=\"og:description\" content=\"Todos nuestros cursos prev\u00e9n el otorgamiento, a los id\u00f3neos, de un certificado de t\u00edtulo profesional legamente reconocido seg\u00fan la ley 845\/78 v\u00e1lido en todo el territorio nacional y comunitario. Adem\u00e1s, de la previa frecuencia obligatoria e idoneidad al test del m\u00f3dulo final, ser\u00e1n otorgados 2 certificados adicionales: HACCP y seguridad en los lugares de trabajo [&hellip;]\" \/>\n<meta property=\"og:url\" content=\"https:\/\/chefacademy.it\/es\/certificados-otorgados\/\" \/>\n<meta property=\"og:site_name\" content=\"Chefacademy\" \/>\n<meta property=\"article:modified_time\" content=\"2020-10-11T12:10:46+00:00\" \/>\n<meta name=\"twitter:card\" content=\"summary_large_image\" \/>\n<script type=\"application\/ld+json\" class=\"yoast-schema-graph\">{\"@context\":\"https:\/\/schema.org\",\"@graph\":[{\"@type\":\"WebPage\",\"@id\":\"https:\/\/chefacademy.it\/es\/certificados-otorgados\/\",\"url\":\"https:\/\/chefacademy.it\/es\/certificados-otorgados\/\",\"name\":\"Certificados otorgados - Chefacademy\",\"isPartOf\":{\"@id\":\"https:\/\/chefacademy.it\/#website\"},\"datePublished\":\"2015-01-19T16:59:59+00:00\",\"dateModified\":\"2020-10-11T12:10:46+00:00\",\"breadcrumb\":{\"@id\":\"https:\/\/chefacademy.it\/es\/certificados-otorgados\/#breadcrumb\"},\"inLanguage\":\"ru-RU\",\"potentialAction\":[{\"@type\":\"ReadAction\",\"target\":[\"https:\/\/chefacademy.it\/es\/certificados-otorgados\/\"]}]},{\"@type\":\"BreadcrumbList\",\"@id\":\"https:\/\/chefacademy.it\/es\/certificados-otorgados\/#breadcrumb\",\"itemListElement\":[{\"@type\":\"ListItem\",\"position\":1,\"name\":\"Home\",\"item\":\"https:\/\/chefacademy.it\/ru\/\"},{\"@type\":\"ListItem\",\"position\":2,\"name\":\"Certificados otorgados\"}]},{\"@type\":\"WebSite\",\"@id\":\"https:\/\/chefacademy.it\/#website\",\"url\":\"https:\/\/chefacademy.it\/\",\"name\":\"Chefacademy\",\"description\":\"Scuola professionale di cucina\",\"potentialAction\":[{\"@type\":\"SearchAction\",\"target\":{\"@type\":\"EntryPoint\",\"urlTemplate\":\"https:\/\/chefacademy.it\/?s={search_term_string}\"},\"query-input\":{\"@type\":\"PropertyValueSpecification\",\"valueRequired\":true,\"valueName\":\"search_term_string\"}}],\"inLanguage\":\"ru-RU\"}]}<\/script>\n<!-- \/ Yoast SEO plugin. -->","yoast_head_json":{"title":"Certificados otorgados - Chefacademy","robots":{"index":"index","follow":"follow","max-snippet":"max-snippet:-1","max-image-preview":"max-image-preview:large","max-video-preview":"max-video-preview:-1"},"canonical":"https:\/\/chefacademy.it\/es\/certificados-otorgados\/","og_locale":"ru_RU","og_type":"article","og_title":"Certificados otorgados - Chefacademy","og_description":"Todos nuestros cursos prev\u00e9n el otorgamiento, a los id\u00f3neos, de un certificado de t\u00edtulo profesional legamente reconocido seg\u00fan la ley 845\/78 v\u00e1lido en todo el territorio nacional y comunitario. Adem\u00e1s, de la previa frecuencia obligatoria e idoneidad al test del m\u00f3dulo final, ser\u00e1n otorgados 2 certificados adicionales: HACCP y seguridad en los lugares de trabajo [&hellip;]","og_url":"https:\/\/chefacademy.it\/es\/certificados-otorgados\/","og_site_name":"Chefacademy","article_modified_time":"2020-10-11T12:10:46+00:00","twitter_card":"summary_large_image","schema":{"@context":"https:\/\/schema.org","@graph":[{"@type":"WebPage","@id":"https:\/\/chefacademy.it\/es\/certificados-otorgados\/","url":"https:\/\/chefacademy.it\/es\/certificados-otorgados\/","name":"Certificados otorgados - Chefacademy","isPartOf":{"@id":"https:\/\/chefacademy.it\/#website"},"datePublished":"2015-01-19T16:59:59+00:00","dateModified":"2020-10-11T12:10:46+00:00","breadcrumb":{"@id":"https:\/\/chefacademy.it\/es\/certificados-otorgados\/#breadcrumb"},"inLanguage":"ru-RU","potentialAction":[{"@type":"ReadAction","target":["https:\/\/chefacademy.it\/es\/certificados-otorgados\/"]}]},{"@type":"BreadcrumbList","@id":"https:\/\/chefacademy.it\/es\/certificados-otorgados\/#breadcrumb","itemListElement":[{"@type":"ListItem","position":1,"name":"Home","item":"https:\/\/chefacademy.it\/ru\/"},{"@type":"ListItem","position":2,"name":"Certificados otorgados"}]},{"@type":"WebSite","@id":"https:\/\/chefacademy.it\/#website","url":"https:\/\/chefacademy.it\/","name":"Chefacademy","description":"Scuola professionale di cucina","potentialAction":[{"@type":"SearchAction","target":{"@type":"EntryPoint","urlTemplate":"https:\/\/chefacademy.it\/?s={search_term_string}"},"query-input":{"@type":"PropertyValueSpecification","valueRequired":true,"valueName":"search_term_string"}}],"inLanguage":"ru-RU"}]}},"_links":{"self":[{"href":"https:\/\/chefacademy.it\/ru\/wp-json\/wp\/v2\/pages\/115672","targetHints":{"allow":["GET"]}}],"collection":[{"href":"https:\/\/chefacademy.it\/ru\/wp-json\/wp\/v2\/pages"}],"about":[{"href":"https:\/\/chefacademy.it\/ru\/wp-json\/wp\/v2\/types\/page"}],"author":[{"embeddable":true,"href":"https:\/\/chefacademy.it\/ru\/wp-json\/wp\/v2\/users\/2094"}],"replies":[{"embeddable":true,"href":"https:\/\/chefacademy.it\/ru\/wp-json\/wp\/v2\/comments?post=115672"}],"version-history":[{"count":1,"href":"https:\/\/chefacademy.it\/ru\/wp-json\/wp\/v2\/pages\/115672\/revisions"}],"predecessor-version":[{"id":190047,"href":"https:\/\/chefacademy.it\/ru\/wp-json\/wp\/v2\/pages\/115672\/revisions\/190047"}],"wp:attachment":[{"href":"https:\/\/chefacademy.it\/ru\/wp-json\/wp\/v2\/media?parent=115672"}],"curies":[{"name":"wp","href":"https:\/\/api.w.org\/{rel}","templated":true}]}}