{"id":201990,"date":"2020-11-17T06:55:40","date_gmt":"2020-11-17T05:55:40","guid":{"rendered":"https:\/\/chefacademy.it\/?page_id=201990"},"modified":"2021-02-12T18:35:18","modified_gmt":"2021-02-12T17:35:18","slug":"corso-aiuto-cuoco","status":"publish","type":"page","link":"https:\/\/chefacademy.it\/es\/corso-aiuto-cuoco\/","title":{"rendered":"corso-aiuto-cuoco"},"content":{"rendered":"\t\t<div data-elementor-type=\"wp-page\" data-elementor-id=\"201990\" class=\"elementor elementor-201990 elementor-191362\" data-elementor-post-type=\"page\">\n\t\t\t\t\t\t<section class=\"elementor-section elementor-top-section elementor-element elementor-element-f277d0f elementor-section-boxed elementor-section-height-default elementor-section-height-default\" data-id=\"f277d0f\" data-element_type=\"section\" data-settings=\"{&quot;jet_parallax_layout_list&quot;:[{&quot;jet_parallax_layout_image&quot;:{&quot;url&quot;:&quot;&quot;,&quot;id&quot;:&quot;&quot;,&quot;size&quot;:&quot;&quot;},&quot;_id&quot;:&quot;17b4644&quot;,&quot;jet_parallax_layout_image_tablet&quot;:{&quot;url&quot;:&quot;&quot;,&quot;id&quot;:&quot;&quot;,&quot;size&quot;:&quot;&quot;},&quot;jet_parallax_layout_image_mobile&quot;:{&quot;url&quot;:&quot;&quot;,&quot;id&quot;:&quot;&quot;,&quot;size&quot;:&quot;&quot;},&quot;jet_parallax_layout_speed&quot;:{&quot;unit&quot;:&quot;%&quot;,&quot;size&quot;:50,&quot;sizes&quot;:[]},&quot;jet_parallax_layout_type&quot;:&quot;scroll&quot;,&quot;jet_parallax_layout_direction&quot;:null,&quot;jet_parallax_layout_fx_direction&quot;:null,&quot;jet_parallax_layout_z_index&quot;:&quot;&quot;,&quot;jet_parallax_layout_bg_x&quot;:50,&quot;jet_parallax_layout_bg_y&quot;:50,&quot;jet_parallax_layout_bg_size&quot;:&quot;auto&quot;,&quot;jet_parallax_layout_animation_prop&quot;:&quot;transform&quot;,&quot;jet_parallax_layout_on&quot;:[&quot;desktop&quot;,&quot;tablet&quot;],&quot;jet_parallax_layout_bg_x_tablet&quot;:&quot;&quot;,&quot;jet_parallax_layout_bg_x_mobile&quot;:&quot;&quot;,&quot;jet_parallax_layout_bg_y_tablet&quot;:&quot;&quot;,&quot;jet_parallax_layout_bg_y_mobile&quot;:&quot;&quot;,&quot;jet_parallax_layout_bg_size_tablet&quot;:&quot;&quot;,&quot;jet_parallax_layout_bg_size_mobile&quot;:&quot;&quot;}]}\">\n\t\t\t\t\t\t<div class=\"elementor-container elementor-column-gap-default\">\n\t\t\t\t\t<div class=\"elementor-column elementor-col-100 elementor-top-column elementor-element elementor-element-072152f\" data-id=\"072152f\" data-element_type=\"column\">\n\t\t\t<div class=\"elementor-widget-wrap elementor-element-populated\">\n\t\t\t\t\t\t<div class=\"elementor-element elementor-element-d3a3f84 elementor-widget elementor-widget-image\" data-id=\"d3a3f84\" data-element_type=\"widget\" data-widget_type=\"image.default\">\n\t\t\t\t<div class=\"elementor-widget-container\">\n\t\t\t\t\t\t\t\t\t\t\t\t\t\t\t<img fetchpriority=\"high\" decoding=\"async\" width=\"1000\" height=\"767\" src=\"https:\/\/chefacademy.it\/wp-content\/uploads\/2019\/07\/Corso-Aiuto-Cuoco-1.jpg\" class=\"attachment-full size-full wp-image-556\" alt=\"\" srcset=\"https:\/\/chefacademy.it\/wp-content\/uploads\/2019\/07\/Corso-Aiuto-Cuoco-1.jpg 1000w, https:\/\/chefacademy.it\/wp-content\/uploads\/2019\/07\/Corso-Aiuto-Cuoco-1-600x460.jpg 600w, https:\/\/chefacademy.it\/wp-content\/uploads\/2019\/07\/Corso-Aiuto-Cuoco-1-300x230.jpg 300w, https:\/\/chefacademy.it\/wp-content\/uploads\/2019\/07\/Corso-Aiuto-Cuoco-1-768x589.jpg 768w\" sizes=\"(max-width: 1000px) 100vw, 1000px\" \/>\t\t\t\t\t\t\t\t\t\t\t\t\t\t\t<\/div>\n\t\t\t\t<\/div>\n\t\t\t\t\t<\/div>\n\t\t<\/div>\n\t\t\t\t\t<\/div>\n\t\t<\/section>\n\t\t\t\t<section class=\"elementor-section elementor-top-section elementor-element elementor-element-c6cdd82 elementor-section-boxed elementor-section-height-default elementor-section-height-default\" data-id=\"c6cdd82\" data-element_type=\"section\" data-settings=\"{&quot;jet_parallax_layout_list&quot;:[{&quot;jet_parallax_layout_image&quot;:{&quot;url&quot;:&quot;&quot;,&quot;id&quot;:&quot;&quot;,&quot;size&quot;:&quot;&quot;},&quot;_id&quot;:&quot;3b7849b&quot;,&quot;jet_parallax_layout_image_tablet&quot;:{&quot;url&quot;:&quot;&quot;,&quot;id&quot;:&quot;&quot;,&quot;size&quot;:&quot;&quot;},&quot;jet_parallax_layout_image_mobile&quot;:{&quot;url&quot;:&quot;&quot;,&quot;id&quot;:&quot;&quot;,&quot;size&quot;:&quot;&quot;},&quot;jet_parallax_layout_speed&quot;:{&quot;unit&quot;:&quot;%&quot;,&quot;size&quot;:50,&quot;sizes&quot;:[]},&quot;jet_parallax_layout_type&quot;:&quot;scroll&quot;,&quot;jet_parallax_layout_direction&quot;:null,&quot;jet_parallax_layout_fx_direction&quot;:null,&quot;jet_parallax_layout_z_index&quot;:&quot;&quot;,&quot;jet_parallax_layout_bg_x&quot;:50,&quot;jet_parallax_layout_bg_y&quot;:50,&quot;jet_parallax_layout_bg_size&quot;:&quot;auto&quot;,&quot;jet_parallax_layout_animation_prop&quot;:&quot;transform&quot;,&quot;jet_parallax_layout_on&quot;:[&quot;desktop&quot;,&quot;tablet&quot;],&quot;jet_parallax_layout_bg_x_tablet&quot;:&quot;&quot;,&quot;jet_parallax_layout_bg_x_mobile&quot;:&quot;&quot;,&quot;jet_parallax_layout_bg_y_tablet&quot;:&quot;&quot;,&quot;jet_parallax_layout_bg_y_mobile&quot;:&quot;&quot;,&quot;jet_parallax_layout_bg_size_tablet&quot;:&quot;&quot;,&quot;jet_parallax_layout_bg_size_mobile&quot;:&quot;&quot;}]}\">\n\t\t\t\t\t\t<div class=\"elementor-container elementor-column-gap-default\">\n\t\t\t\t\t<div class=\"elementor-column elementor-col-100 elementor-top-column elementor-element elementor-element-8159c08\" data-id=\"8159c08\" data-element_type=\"column\">\n\t\t\t<div class=\"elementor-widget-wrap elementor-element-populated\">\n\t\t\t\t\t\t<div class=\"elementor-element elementor-element-3f6562f elementor-widget elementor-widget-text-editor\" data-id=\"3f6562f\" data-element_type=\"widget\" data-widget_type=\"text-editor.default\">\n\t\t\t\t<div class=\"elementor-widget-container\">\n\t\t\t\t\t\t\t\t\t<section id=\"sp-main-body-wrapper\" class=\" \"><div class=\"container\"><div id=\"main-body\" class=\"row-fluid\"><div id=\"sp-message-area\" class=\"span8\"><section id=\"sp-component-area-wrapper\" class=\" \"><div id=\"component-area\" class=\"row-fluid\"><div id=\"sp-component-area\" class=\"span12\"><section id=\"sp-component-wrapper\"><div id=\"sp-component\"><div class=\"item-page\"><div class=\"page-header\"><div class=\"page-header\"><div class=\"page-header\"><h2>Curso de Ayudante de Cocinero \u2013 215 horas + stage<\/h2><\/div><div class=\"pull- item-image\">\u00a0<\/div><h4>El curso dura 215 horas obligatorias, con 2 meses de stage adicionales, para ser realizados a elecci\u00f3n, por el estudiante entre las m\u00e1s de 1000 estructuras convencionadas con Chef Academy.<\/h4><h4><strong>Costo del curso: \u20ac4600 sin IVA (El IVA no se aplica en virtud del reconocimiento p\u00fablico del curso).<\/strong><\/h4><h3>EX\u00c1MEN FINAL<\/h3><p>Los ex\u00e1menes de calificaci\u00f3n ser\u00e1n realizados en nuestra sede con la presencia de una comisi\u00f3n formada por:<\/p><ul><li>presidente de la regi\u00f3n<\/li><li>educaci\u00f3n p\u00fablica<\/li><li>ministerio del trabajo<\/li><li>organizaci\u00f3n sindical<\/li><li>representante de la provincia<\/li><li>secretario de la provincia<\/li><\/ul><h3>DOTACI\u00d3N<\/h3><ul><li style=\"text-align: left;\">MATERIAL DID\u00c1CTICO<\/li><li style=\"text-align: left;\">SET COMPLETO DE CUCHILLOS<\/li><li style=\"text-align: left;\">MATERIAS PRIMAS Y DE CONSUMO<\/li><li style=\"text-align: left;\">CERTIFICADO DE CALIFICACI\u00d3N EN CASO DE IDONEIDAD<\/li><li style=\"text-align: left;\">CERTIFICADO HACCP Y SEGURIDAD EN LOS LUGARES DE TRABAJO<\/li><li style=\"text-align: left;\">UNIFORME DE CHEF<\/li><\/ul><\/div><\/div><\/div><\/div><\/section><\/div><\/div><\/section><\/div><\/div><\/div><\/section>\t\t\t\t\t\t\t\t<\/div>\n\t\t\t\t<\/div>\n\t\t\t\t\t<\/div>\n\t\t<\/div>\n\t\t\t\t\t<\/div>\n\t\t<\/section>\n\t\t\t\t<\/div>\n\t\t","protected":false},"excerpt":{"rendered":"<p>Curso de Ayudante de Cocinero \u2013 215 horas + stage \u00a0 El curso dura 215 horas obligatorias, con 2 meses de stage adicionales, para ser realizados a elecci\u00f3n, por el estudiante entre las m\u00e1s de 1000 estructuras convencionadas con Chef Academy. Costo del curso: \u20ac4600 sin IVA (El IVA no se aplica en virtud del [&hellip;]<\/p>\n","protected":false},"author":2,"featured_media":0,"parent":0,"menu_order":30,"comment_status":"closed","ping_status":"closed","template":"","meta":{"footnotes":""},"class_list":["post-201990","page","type-page","status-publish","hentry"],"acf":[],"yoast_head":"<!-- This site is optimized with the Yoast SEO plugin v25.4 - https:\/\/yoast.com\/wordpress\/plugins\/seo\/ -->\n<title>corso-aiuto-cuoco - Chefacademy<\/title>\n<meta name=\"robots\" content=\"index, follow, max-snippet:-1, max-image-preview:large, max-video-preview:-1\" \/>\n<link rel=\"canonical\" href=\"https:\/\/chefacademy.it\/es\/corso-aiuto-cuoco\/\" \/>\n<meta property=\"og:locale\" content=\"es_ES\" \/>\n<meta property=\"og:type\" content=\"article\" \/>\n<meta property=\"og:title\" content=\"corso-aiuto-cuoco - Chefacademy\" \/>\n<meta property=\"og:description\" content=\"Curso de Ayudante de Cocinero \u2013 215 horas + stage \u00a0 El curso dura 215 horas obligatorias, con 2 meses de stage adicionales, para ser realizados a elecci\u00f3n, por el estudiante entre las m\u00e1s de 1000 estructuras convencionadas con Chef Academy. Costo del curso: \u20ac4600 sin IVA (El IVA no se aplica en virtud del [&hellip;]\" \/>\n<meta property=\"og:url\" content=\"https:\/\/chefacademy.it\/es\/corso-aiuto-cuoco\/\" \/>\n<meta property=\"og:site_name\" content=\"Chefacademy\" \/>\n<meta property=\"article:modified_time\" content=\"2021-02-12T17:35:18+00:00\" \/>\n<meta property=\"og:image\" content=\"https:\/\/chefacademy.it\/wp-content\/uploads\/2019\/07\/Corso-Aiuto-Cuoco-1.jpg\" \/>\n<meta name=\"twitter:card\" content=\"summary_large_image\" \/>\n<meta name=\"twitter:label1\" content=\"Tiempo de lectura\" \/>\n\t<meta name=\"twitter:data1\" content=\"1 minuto\" \/>\n<script type=\"application\/ld+json\" class=\"yoast-schema-graph\">{\"@context\":\"https:\/\/schema.org\",\"@graph\":[{\"@type\":\"WebPage\",\"@id\":\"https:\/\/chefacademy.it\/es\/corso-aiuto-cuoco\/\",\"url\":\"https:\/\/chefacademy.it\/es\/corso-aiuto-cuoco\/\",\"name\":\"corso-aiuto-cuoco - Chefacademy\",\"isPartOf\":{\"@id\":\"https:\/\/chefacademy.it\/#website\"},\"primaryImageOfPage\":{\"@id\":\"https:\/\/chefacademy.it\/es\/corso-aiuto-cuoco\/#primaryimage\"},\"image\":{\"@id\":\"https:\/\/chefacademy.it\/es\/corso-aiuto-cuoco\/#primaryimage\"},\"thumbnailUrl\":\"https:\/\/chefacademy.it\/wp-content\/uploads\/2019\/07\/Corso-Aiuto-Cuoco-1.jpg\",\"datePublished\":\"2020-11-17T05:55:40+00:00\",\"dateModified\":\"2021-02-12T17:35:18+00:00\",\"breadcrumb\":{\"@id\":\"https:\/\/chefacademy.it\/es\/corso-aiuto-cuoco\/#breadcrumb\"},\"inLanguage\":\"es\",\"potentialAction\":[{\"@type\":\"ReadAction\",\"target\":[\"https:\/\/chefacademy.it\/es\/corso-aiuto-cuoco\/\"]}]},{\"@type\":\"ImageObject\",\"inLanguage\":\"es\",\"@id\":\"https:\/\/chefacademy.it\/es\/corso-aiuto-cuoco\/#primaryimage\",\"url\":\"https:\/\/chefacademy.it\/wp-content\/uploads\/2019\/07\/Corso-Aiuto-Cuoco-1.jpg\",\"contentUrl\":\"https:\/\/chefacademy.it\/wp-content\/uploads\/2019\/07\/Corso-Aiuto-Cuoco-1.jpg\"},{\"@type\":\"BreadcrumbList\",\"@id\":\"https:\/\/chefacademy.it\/es\/corso-aiuto-cuoco\/#breadcrumb\",\"itemListElement\":[{\"@type\":\"ListItem\",\"position\":1,\"name\":\"Home\",\"item\":\"https:\/\/chefacademy.it\/es\/\"},{\"@type\":\"ListItem\",\"position\":2,\"name\":\"corso-aiuto-cuoco\"}]},{\"@type\":\"WebSite\",\"@id\":\"https:\/\/chefacademy.it\/#website\",\"url\":\"https:\/\/chefacademy.it\/\",\"name\":\"Chefacademy\",\"description\":\"Scuola professionale di cucina\",\"potentialAction\":[{\"@type\":\"SearchAction\",\"target\":{\"@type\":\"EntryPoint\",\"urlTemplate\":\"https:\/\/chefacademy.it\/?s={search_term_string}\"},\"query-input\":{\"@type\":\"PropertyValueSpecification\",\"valueRequired\":true,\"valueName\":\"search_term_string\"}}],\"inLanguage\":\"es\"}]}<\/script>\n<!-- \/ Yoast SEO plugin. -->","yoast_head_json":{"title":"corso-aiuto-cuoco - Chefacademy","robots":{"index":"index","follow":"follow","max-snippet":"max-snippet:-1","max-image-preview":"max-image-preview:large","max-video-preview":"max-video-preview:-1"},"canonical":"https:\/\/chefacademy.it\/es\/corso-aiuto-cuoco\/","og_locale":"es_ES","og_type":"article","og_title":"corso-aiuto-cuoco - Chefacademy","og_description":"Curso de Ayudante de Cocinero \u2013 215 horas + stage \u00a0 El curso dura 215 horas obligatorias, con 2 meses de stage adicionales, para ser realizados a elecci\u00f3n, por el estudiante entre las m\u00e1s de 1000 estructuras convencionadas con Chef Academy. Costo del curso: \u20ac4600 sin IVA (El IVA no se aplica en virtud del [&hellip;]","og_url":"https:\/\/chefacademy.it\/es\/corso-aiuto-cuoco\/","og_site_name":"Chefacademy","article_modified_time":"2021-02-12T17:35:18+00:00","og_image":[{"url":"https:\/\/chefacademy.it\/wp-content\/uploads\/2019\/07\/Corso-Aiuto-Cuoco-1.jpg","type":"","width":"","height":""}],"twitter_card":"summary_large_image","twitter_misc":{"Tiempo de lectura":"1 minuto"},"schema":{"@context":"https:\/\/schema.org","@graph":[{"@type":"WebPage","@id":"https:\/\/chefacademy.it\/es\/corso-aiuto-cuoco\/","url":"https:\/\/chefacademy.it\/es\/corso-aiuto-cuoco\/","name":"corso-aiuto-cuoco - Chefacademy","isPartOf":{"@id":"https:\/\/chefacademy.it\/#website"},"primaryImageOfPage":{"@id":"https:\/\/chefacademy.it\/es\/corso-aiuto-cuoco\/#primaryimage"},"image":{"@id":"https:\/\/chefacademy.it\/es\/corso-aiuto-cuoco\/#primaryimage"},"thumbnailUrl":"https:\/\/chefacademy.it\/wp-content\/uploads\/2019\/07\/Corso-Aiuto-Cuoco-1.jpg","datePublished":"2020-11-17T05:55:40+00:00","dateModified":"2021-02-12T17:35:18+00:00","breadcrumb":{"@id":"https:\/\/chefacademy.it\/es\/corso-aiuto-cuoco\/#breadcrumb"},"inLanguage":"es","potentialAction":[{"@type":"ReadAction","target":["https:\/\/chefacademy.it\/es\/corso-aiuto-cuoco\/"]}]},{"@type":"ImageObject","inLanguage":"es","@id":"https:\/\/chefacademy.it\/es\/corso-aiuto-cuoco\/#primaryimage","url":"https:\/\/chefacademy.it\/wp-content\/uploads\/2019\/07\/Corso-Aiuto-Cuoco-1.jpg","contentUrl":"https:\/\/chefacademy.it\/wp-content\/uploads\/2019\/07\/Corso-Aiuto-Cuoco-1.jpg"},{"@type":"BreadcrumbList","@id":"https:\/\/chefacademy.it\/es\/corso-aiuto-cuoco\/#breadcrumb","itemListElement":[{"@type":"ListItem","position":1,"name":"Home","item":"https:\/\/chefacademy.it\/es\/"},{"@type":"ListItem","position":2,"name":"corso-aiuto-cuoco"}]},{"@type":"WebSite","@id":"https:\/\/chefacademy.it\/#website","url":"https:\/\/chefacademy.it\/","name":"Chefacademy","description":"Scuola professionale di cucina","potentialAction":[{"@type":"SearchAction","target":{"@type":"EntryPoint","urlTemplate":"https:\/\/chefacademy.it\/?s={search_term_string}"},"query-input":{"@type":"PropertyValueSpecification","valueRequired":true,"valueName":"search_term_string"}}],"inLanguage":"es"}]}},"_links":{"self":[{"href":"https:\/\/chefacademy.it\/es\/wp-json\/wp\/v2\/pages\/201990","targetHints":{"allow":["GET"]}}],"collection":[{"href":"https:\/\/chefacademy.it\/es\/wp-json\/wp\/v2\/pages"}],"about":[{"href":"https:\/\/chefacademy.it\/es\/wp-json\/wp\/v2\/types\/page"}],"author":[{"embeddable":true,"href":"https:\/\/chefacademy.it\/es\/wp-json\/wp\/v2\/users\/2"}],"replies":[{"embeddable":true,"href":"https:\/\/chefacademy.it\/es\/wp-json\/wp\/v2\/comments?post=201990"}],"version-history":[{"count":7,"href":"https:\/\/chefacademy.it\/es\/wp-json\/wp\/v2\/pages\/201990\/revisions"}],"predecessor-version":[{"id":206066,"href":"https:\/\/chefacademy.it\/es\/wp-json\/wp\/v2\/pages\/201990\/revisions\/206066"}],"wp:attachment":[{"href":"https:\/\/chefacademy.it\/es\/wp-json\/wp\/v2\/media?parent=201990"}],"curies":[{"name":"wp","href":"https:\/\/api.w.org\/{rel}","templated":true}]}}