{"id":201965,"date":"2020-11-17T05:58:41","date_gmt":"2020-11-17T04:58:41","guid":{"rendered":"https:\/\/chefacademy.it\/?page_id=201965"},"modified":"2021-02-12T18:36:35","modified_gmt":"2021-02-12T17:36:35","slug":"corso-pizzaiolo","status":"publish","type":"page","link":"https:\/\/chefacademy.it\/es\/corso-pizzaiolo\/","title":{"rendered":"corso-pizzaiolo"},"content":{"rendered":"\t\t<div data-elementor-type=\"wp-page\" data-elementor-id=\"201965\" class=\"elementor elementor-201965 elementor-187011\" data-elementor-post-type=\"page\">\n\t\t\t\t\t\t<section class=\"elementor-section elementor-top-section elementor-element elementor-element-e45f485 elementor-section-boxed elementor-section-height-default elementor-section-height-default\" data-id=\"e45f485\" data-element_type=\"section\" data-settings=\"{&quot;jet_parallax_layout_list&quot;:[{&quot;jet_parallax_layout_image&quot;:{&quot;url&quot;:&quot;&quot;,&quot;id&quot;:&quot;&quot;,&quot;size&quot;:&quot;&quot;},&quot;_id&quot;:&quot;17b4644&quot;,&quot;jet_parallax_layout_image_tablet&quot;:{&quot;url&quot;:&quot;&quot;,&quot;id&quot;:&quot;&quot;,&quot;size&quot;:&quot;&quot;},&quot;jet_parallax_layout_image_mobile&quot;:{&quot;url&quot;:&quot;&quot;,&quot;id&quot;:&quot;&quot;,&quot;size&quot;:&quot;&quot;},&quot;jet_parallax_layout_speed&quot;:{&quot;unit&quot;:&quot;%&quot;,&quot;size&quot;:50,&quot;sizes&quot;:[]},&quot;jet_parallax_layout_type&quot;:&quot;scroll&quot;,&quot;jet_parallax_layout_direction&quot;:null,&quot;jet_parallax_layout_fx_direction&quot;:null,&quot;jet_parallax_layout_z_index&quot;:&quot;&quot;,&quot;jet_parallax_layout_bg_x&quot;:50,&quot;jet_parallax_layout_bg_y&quot;:50,&quot;jet_parallax_layout_bg_size&quot;:&quot;auto&quot;,&quot;jet_parallax_layout_animation_prop&quot;:&quot;transform&quot;,&quot;jet_parallax_layout_on&quot;:[&quot;desktop&quot;,&quot;tablet&quot;],&quot;jet_parallax_layout_bg_x_tablet&quot;:&quot;&quot;,&quot;jet_parallax_layout_bg_x_mobile&quot;:&quot;&quot;,&quot;jet_parallax_layout_bg_y_tablet&quot;:&quot;&quot;,&quot;jet_parallax_layout_bg_y_mobile&quot;:&quot;&quot;,&quot;jet_parallax_layout_bg_size_tablet&quot;:&quot;&quot;,&quot;jet_parallax_layout_bg_size_mobile&quot;:&quot;&quot;}]}\">\n\t\t\t\t\t\t<div class=\"elementor-container elementor-column-gap-default\">\n\t\t\t\t\t<div class=\"elementor-column elementor-col-100 elementor-top-column elementor-element elementor-element-1eec80c\" data-id=\"1eec80c\" data-element_type=\"column\">\n\t\t\t<div class=\"elementor-widget-wrap elementor-element-populated\">\n\t\t\t\t\t\t<div class=\"elementor-element elementor-element-a5f304b elementor-widget elementor-widget-image\" data-id=\"a5f304b\" data-element_type=\"widget\" data-widget_type=\"image.default\">\n\t\t\t\t<div class=\"elementor-widget-container\">\n\t\t\t\t\t\t\t\t\t\t\t\t\t\t\t<img fetchpriority=\"high\" decoding=\"async\" width=\"1024\" height=\"718\" src=\"https:\/\/chefacademy.it\/wp-content\/uploads\/2020\/09\/corso-pizzaiolo-chefacademy-10-1024x718.jpg\" class=\"attachment-large size-large wp-image-187018\" alt=\"\" srcset=\"https:\/\/chefacademy.it\/wp-content\/uploads\/2020\/09\/corso-pizzaiolo-chefacademy-10-1024x718.jpg 1024w, https:\/\/chefacademy.it\/wp-content\/uploads\/2020\/09\/corso-pizzaiolo-chefacademy-10-600x421.jpg 600w, https:\/\/chefacademy.it\/wp-content\/uploads\/2020\/09\/corso-pizzaiolo-chefacademy-10-300x210.jpg 300w, https:\/\/chefacademy.it\/wp-content\/uploads\/2020\/09\/corso-pizzaiolo-chefacademy-10-768x538.jpg 768w, https:\/\/chefacademy.it\/wp-content\/uploads\/2020\/09\/corso-pizzaiolo-chefacademy-10-1536x1077.jpg 1536w, https:\/\/chefacademy.it\/wp-content\/uploads\/2020\/09\/corso-pizzaiolo-chefacademy-10.jpg 2000w\" sizes=\"(max-width: 1024px) 100vw, 1024px\" \/>\t\t\t\t\t\t\t\t\t\t\t\t\t\t\t<\/div>\n\t\t\t\t<\/div>\n\t\t\t\t\t<\/div>\n\t\t<\/div>\n\t\t\t\t\t<\/div>\n\t\t<\/section>\n\t\t\t\t<section class=\"elementor-section elementor-top-section elementor-element elementor-element-cddf52f elementor-section-boxed elementor-section-height-default elementor-section-height-default\" data-id=\"cddf52f\" data-element_type=\"section\" data-settings=\"{&quot;jet_parallax_layout_list&quot;:[{&quot;jet_parallax_layout_image&quot;:{&quot;url&quot;:&quot;&quot;,&quot;id&quot;:&quot;&quot;,&quot;size&quot;:&quot;&quot;},&quot;_id&quot;:&quot;3b7849b&quot;,&quot;jet_parallax_layout_image_tablet&quot;:{&quot;url&quot;:&quot;&quot;,&quot;id&quot;:&quot;&quot;,&quot;size&quot;:&quot;&quot;},&quot;jet_parallax_layout_image_mobile&quot;:{&quot;url&quot;:&quot;&quot;,&quot;id&quot;:&quot;&quot;,&quot;size&quot;:&quot;&quot;},&quot;jet_parallax_layout_speed&quot;:{&quot;unit&quot;:&quot;%&quot;,&quot;size&quot;:50,&quot;sizes&quot;:[]},&quot;jet_parallax_layout_type&quot;:&quot;scroll&quot;,&quot;jet_parallax_layout_direction&quot;:null,&quot;jet_parallax_layout_fx_direction&quot;:null,&quot;jet_parallax_layout_z_index&quot;:&quot;&quot;,&quot;jet_parallax_layout_bg_x&quot;:50,&quot;jet_parallax_layout_bg_y&quot;:50,&quot;jet_parallax_layout_bg_size&quot;:&quot;auto&quot;,&quot;jet_parallax_layout_animation_prop&quot;:&quot;transform&quot;,&quot;jet_parallax_layout_on&quot;:[&quot;desktop&quot;,&quot;tablet&quot;],&quot;jet_parallax_layout_bg_x_tablet&quot;:&quot;&quot;,&quot;jet_parallax_layout_bg_x_mobile&quot;:&quot;&quot;,&quot;jet_parallax_layout_bg_y_tablet&quot;:&quot;&quot;,&quot;jet_parallax_layout_bg_y_mobile&quot;:&quot;&quot;,&quot;jet_parallax_layout_bg_size_tablet&quot;:&quot;&quot;,&quot;jet_parallax_layout_bg_size_mobile&quot;:&quot;&quot;}]}\">\n\t\t\t\t\t\t<div class=\"elementor-container elementor-column-gap-default\">\n\t\t\t\t\t<div class=\"elementor-column elementor-col-100 elementor-top-column elementor-element elementor-element-68bbcd6\" data-id=\"68bbcd6\" data-element_type=\"column\">\n\t\t\t<div class=\"elementor-widget-wrap elementor-element-populated\">\n\t\t\t\t\t\t<div class=\"elementor-element elementor-element-482d85d elementor-widget elementor-widget-text-editor\" data-id=\"482d85d\" data-element_type=\"widget\" data-widget_type=\"text-editor.default\">\n\t\t\t\t<div class=\"elementor-widget-container\">\n\t\t\t\t\t\t\t\t\t<section id=\"sp-main-body-wrapper\" class=\" \"><div class=\"container\"><div id=\"main-body\" class=\"row-fluid\"><div id=\"sp-message-area\" class=\"span8\"><section id=\"sp-component-area-wrapper\" class=\" \"><div id=\"component-area\" class=\"row-fluid\"><div id=\"sp-component-area\" class=\"span12\"><section id=\"sp-component-wrapper\"><div id=\"sp-component\"><div class=\"item-page\"><div class=\"page-header\"><div class=\"page-header\"><div class=\"page-header\"><h2>Curso de Cocinero de pizza \u2013 150 horas + stage<\/h2><\/div><div class=\"pull- item-image\">\u00a0<\/div><h4>Adem\u00e1s, est\u00e1n previstos 2 certificados adicionales, HACCP y seguridad en los lugares de trabajo para los adeptos al servicio de Restaurant, necesarios en el ejercicio de la profesi\u00f3n de Cocinero de pizza.<\/h4><h4>El curso dura, 150 horas obligatorias, con 2 meses de stage adicionales, para ser realizados a elecci\u00f3n por el estudiante, entre las m\u00e1s de 1000 estructuras convencionadas con Chef Academy.<\/h4><h4><strong>Costo del curso: \u20ac 4.600 sin IVA (El IVA no se aplica en virtud del reconocimiento p\u00fablico del curso).<\/strong><\/h4><h3>EX\u00c1MEN FINAL<\/h3><p>Los ex\u00e1menes de calificaci\u00f3n ser\u00e1n realizados en nuestra sede con la presencia de una comisi\u00f3n formada por:<\/p><ul><li>presidente de la regi\u00f3n<\/li><li>educaci\u00f3n p\u00fablica<\/li><li>ministerio del trabajo<\/li><li>organizaci\u00f3n sindical<\/li><li>representante de la provincia<\/li><li>secretario de la provincia<\/li><\/ul><h3>DOTACI\u00d3N<\/h3><ul><li>MATERIAL DID\u00c1CTICO<\/li><li>SET DE COCINERO DE PIZZA<\/li><li>MATERIAS PRIMAS Y DE CONSUMO<\/li><li>CERTIFICADO DE CALIFICACI\u00d3N EN CASO DE IDONEIDAD<\/li><li>CERTIFICADO HACCP Y SEGURIDAD EN LOS LUGARES DE TRABAJO<\/li><li>UNIFORME DE COCINERO DE PIZZA<\/li><\/ul><\/div><\/div><\/div><\/div><\/section><\/div><\/div><\/section><\/div><\/div><\/div><\/section>\t\t\t\t\t\t\t\t<\/div>\n\t\t\t\t<\/div>\n\t\t\t\t\t<\/div>\n\t\t<\/div>\n\t\t\t\t\t<\/div>\n\t\t<\/section>\n\t\t\t\t<\/div>\n\t\t","protected":false},"excerpt":{"rendered":"<p>Curso de Cocinero de pizza \u2013 150 horas + stage \u00a0 Adem\u00e1s, est\u00e1n previstos 2 certificados adicionales, HACCP y seguridad en los lugares de trabajo para los adeptos al servicio de Restaurant, necesarios en el ejercicio de la profesi\u00f3n de Cocinero de pizza. El curso dura, 150 horas obligatorias, con 2 meses de stage adicionales, [&hellip;]<\/p>\n","protected":false},"author":2,"featured_media":0,"parent":0,"menu_order":52,"comment_status":"closed","ping_status":"closed","template":"","meta":{"footnotes":""},"class_list":["post-201965","page","type-page","status-publish","hentry"],"acf":[],"yoast_head":"<!-- This site is optimized with the Yoast SEO plugin v25.4 - https:\/\/yoast.com\/wordpress\/plugins\/seo\/ -->\n<title>corso-pizzaiolo - Chefacademy<\/title>\n<meta name=\"robots\" content=\"index, follow, max-snippet:-1, max-image-preview:large, max-video-preview:-1\" \/>\n<link rel=\"canonical\" href=\"https:\/\/chefacademy.it\/es\/corso-pizzaiolo\/\" \/>\n<meta property=\"og:locale\" content=\"es_ES\" \/>\n<meta property=\"og:type\" content=\"article\" \/>\n<meta property=\"og:title\" content=\"corso-pizzaiolo - Chefacademy\" \/>\n<meta property=\"og:description\" content=\"Curso de Cocinero de pizza \u2013 150 horas + stage \u00a0 Adem\u00e1s, est\u00e1n previstos 2 certificados adicionales, HACCP y seguridad en los lugares de trabajo para los adeptos al servicio de Restaurant, necesarios en el ejercicio de la profesi\u00f3n de Cocinero de pizza. El curso dura, 150 horas obligatorias, con 2 meses de stage adicionales, [&hellip;]\" \/>\n<meta property=\"og:url\" content=\"https:\/\/chefacademy.it\/es\/corso-pizzaiolo\/\" \/>\n<meta property=\"og:site_name\" content=\"Chefacademy\" \/>\n<meta property=\"article:modified_time\" content=\"2021-02-12T17:36:35+00:00\" \/>\n<meta property=\"og:image\" content=\"https:\/\/chefacademy.it\/wp-content\/uploads\/2020\/09\/corso-pizzaiolo-chefacademy-10-1024x718.jpg\" \/>\n<meta name=\"twitter:card\" content=\"summary_large_image\" \/>\n<meta name=\"twitter:label1\" content=\"Tiempo de lectura\" \/>\n\t<meta name=\"twitter:data1\" content=\"1 minuto\" \/>\n<script type=\"application\/ld+json\" class=\"yoast-schema-graph\">{\"@context\":\"https:\/\/schema.org\",\"@graph\":[{\"@type\":\"WebPage\",\"@id\":\"https:\/\/chefacademy.it\/es\/corso-pizzaiolo\/\",\"url\":\"https:\/\/chefacademy.it\/es\/corso-pizzaiolo\/\",\"name\":\"corso-pizzaiolo - Chefacademy\",\"isPartOf\":{\"@id\":\"https:\/\/chefacademy.it\/#website\"},\"primaryImageOfPage\":{\"@id\":\"https:\/\/chefacademy.it\/es\/corso-pizzaiolo\/#primaryimage\"},\"image\":{\"@id\":\"https:\/\/chefacademy.it\/es\/corso-pizzaiolo\/#primaryimage\"},\"thumbnailUrl\":\"https:\/\/chefacademy.it\/wp-content\/uploads\/2020\/09\/corso-pizzaiolo-chefacademy-10-1024x718.jpg\",\"datePublished\":\"2020-11-17T04:58:41+00:00\",\"dateModified\":\"2021-02-12T17:36:35+00:00\",\"breadcrumb\":{\"@id\":\"https:\/\/chefacademy.it\/es\/corso-pizzaiolo\/#breadcrumb\"},\"inLanguage\":\"es\",\"potentialAction\":[{\"@type\":\"ReadAction\",\"target\":[\"https:\/\/chefacademy.it\/es\/corso-pizzaiolo\/\"]}]},{\"@type\":\"ImageObject\",\"inLanguage\":\"es\",\"@id\":\"https:\/\/chefacademy.it\/es\/corso-pizzaiolo\/#primaryimage\",\"url\":\"https:\/\/chefacademy.it\/wp-content\/uploads\/2020\/09\/corso-pizzaiolo-chefacademy-10-1024x718.jpg\",\"contentUrl\":\"https:\/\/chefacademy.it\/wp-content\/uploads\/2020\/09\/corso-pizzaiolo-chefacademy-10-1024x718.jpg\"},{\"@type\":\"BreadcrumbList\",\"@id\":\"https:\/\/chefacademy.it\/es\/corso-pizzaiolo\/#breadcrumb\",\"itemListElement\":[{\"@type\":\"ListItem\",\"position\":1,\"name\":\"Home\",\"item\":\"https:\/\/chefacademy.it\/es\/\"},{\"@type\":\"ListItem\",\"position\":2,\"name\":\"corso-pizzaiolo\"}]},{\"@type\":\"WebSite\",\"@id\":\"https:\/\/chefacademy.it\/#website\",\"url\":\"https:\/\/chefacademy.it\/\",\"name\":\"Chefacademy\",\"description\":\"Scuola professionale di cucina\",\"potentialAction\":[{\"@type\":\"SearchAction\",\"target\":{\"@type\":\"EntryPoint\",\"urlTemplate\":\"https:\/\/chefacademy.it\/?s={search_term_string}\"},\"query-input\":{\"@type\":\"PropertyValueSpecification\",\"valueRequired\":true,\"valueName\":\"search_term_string\"}}],\"inLanguage\":\"es\"}]}<\/script>\n<!-- \/ Yoast SEO plugin. -->","yoast_head_json":{"title":"corso-pizzaiolo - Chefacademy","robots":{"index":"index","follow":"follow","max-snippet":"max-snippet:-1","max-image-preview":"max-image-preview:large","max-video-preview":"max-video-preview:-1"},"canonical":"https:\/\/chefacademy.it\/es\/corso-pizzaiolo\/","og_locale":"es_ES","og_type":"article","og_title":"corso-pizzaiolo - Chefacademy","og_description":"Curso de Cocinero de pizza \u2013 150 horas + stage \u00a0 Adem\u00e1s, est\u00e1n previstos 2 certificados adicionales, HACCP y seguridad en los lugares de trabajo para los adeptos al servicio de Restaurant, necesarios en el ejercicio de la profesi\u00f3n de Cocinero de pizza. El curso dura, 150 horas obligatorias, con 2 meses de stage adicionales, [&hellip;]","og_url":"https:\/\/chefacademy.it\/es\/corso-pizzaiolo\/","og_site_name":"Chefacademy","article_modified_time":"2021-02-12T17:36:35+00:00","og_image":[{"url":"https:\/\/chefacademy.it\/wp-content\/uploads\/2020\/09\/corso-pizzaiolo-chefacademy-10-1024x718.jpg","type":"","width":"","height":""}],"twitter_card":"summary_large_image","twitter_misc":{"Tiempo de lectura":"1 minuto"},"schema":{"@context":"https:\/\/schema.org","@graph":[{"@type":"WebPage","@id":"https:\/\/chefacademy.it\/es\/corso-pizzaiolo\/","url":"https:\/\/chefacademy.it\/es\/corso-pizzaiolo\/","name":"corso-pizzaiolo - Chefacademy","isPartOf":{"@id":"https:\/\/chefacademy.it\/#website"},"primaryImageOfPage":{"@id":"https:\/\/chefacademy.it\/es\/corso-pizzaiolo\/#primaryimage"},"image":{"@id":"https:\/\/chefacademy.it\/es\/corso-pizzaiolo\/#primaryimage"},"thumbnailUrl":"https:\/\/chefacademy.it\/wp-content\/uploads\/2020\/09\/corso-pizzaiolo-chefacademy-10-1024x718.jpg","datePublished":"2020-11-17T04:58:41+00:00","dateModified":"2021-02-12T17:36:35+00:00","breadcrumb":{"@id":"https:\/\/chefacademy.it\/es\/corso-pizzaiolo\/#breadcrumb"},"inLanguage":"es","potentialAction":[{"@type":"ReadAction","target":["https:\/\/chefacademy.it\/es\/corso-pizzaiolo\/"]}]},{"@type":"ImageObject","inLanguage":"es","@id":"https:\/\/chefacademy.it\/es\/corso-pizzaiolo\/#primaryimage","url":"https:\/\/chefacademy.it\/wp-content\/uploads\/2020\/09\/corso-pizzaiolo-chefacademy-10-1024x718.jpg","contentUrl":"https:\/\/chefacademy.it\/wp-content\/uploads\/2020\/09\/corso-pizzaiolo-chefacademy-10-1024x718.jpg"},{"@type":"BreadcrumbList","@id":"https:\/\/chefacademy.it\/es\/corso-pizzaiolo\/#breadcrumb","itemListElement":[{"@type":"ListItem","position":1,"name":"Home","item":"https:\/\/chefacademy.it\/es\/"},{"@type":"ListItem","position":2,"name":"corso-pizzaiolo"}]},{"@type":"WebSite","@id":"https:\/\/chefacademy.it\/#website","url":"https:\/\/chefacademy.it\/","name":"Chefacademy","description":"Scuola professionale di cucina","potentialAction":[{"@type":"SearchAction","target":{"@type":"EntryPoint","urlTemplate":"https:\/\/chefacademy.it\/?s={search_term_string}"},"query-input":{"@type":"PropertyValueSpecification","valueRequired":true,"valueName":"search_term_string"}}],"inLanguage":"es"}]}},"_links":{"self":[{"href":"https:\/\/chefacademy.it\/es\/wp-json\/wp\/v2\/pages\/201965","targetHints":{"allow":["GET"]}}],"collection":[{"href":"https:\/\/chefacademy.it\/es\/wp-json\/wp\/v2\/pages"}],"about":[{"href":"https:\/\/chefacademy.it\/es\/wp-json\/wp\/v2\/types\/page"}],"author":[{"embeddable":true,"href":"https:\/\/chefacademy.it\/es\/wp-json\/wp\/v2\/users\/2"}],"replies":[{"embeddable":true,"href":"https:\/\/chefacademy.it\/es\/wp-json\/wp\/v2\/comments?post=201965"}],"version-history":[{"count":7,"href":"https:\/\/chefacademy.it\/es\/wp-json\/wp\/v2\/pages\/201965\/revisions"}],"predecessor-version":[{"id":206069,"href":"https:\/\/chefacademy.it\/es\/wp-json\/wp\/v2\/pages\/201965\/revisions\/206069"}],"wp:attachment":[{"href":"https:\/\/chefacademy.it\/es\/wp-json\/wp\/v2\/media?parent=201965"}],"curies":[{"name":"wp","href":"https:\/\/api.w.org\/{rel}","templated":true}]}}