{"id":201927,"date":"2020-11-17T05:14:21","date_gmt":"2020-11-17T04:14:21","guid":{"rendered":"https:\/\/chefacademy.it\/?page_id=201927"},"modified":"2021-02-12T18:33:42","modified_gmt":"2021-02-12T17:33:42","slug":"corso-cuoco","status":"publish","type":"page","link":"https:\/\/chefacademy.it\/es\/corso-cuoco\/","title":{"rendered":"corso-cuoco"},"content":{"rendered":"\t\t<div data-elementor-type=\"wp-page\" data-elementor-id=\"201927\" class=\"elementor elementor-201927 elementor-150453\" data-elementor-post-type=\"page\">\n\t\t\t\t\t\t<section class=\"elementor-section elementor-top-section elementor-element elementor-element-f0d5107 elementor-section-boxed elementor-section-height-default elementor-section-height-default\" data-id=\"f0d5107\" data-element_type=\"section\" data-settings=\"{&quot;jet_parallax_layout_list&quot;:[{&quot;jet_parallax_layout_image&quot;:{&quot;url&quot;:&quot;&quot;,&quot;id&quot;:&quot;&quot;,&quot;size&quot;:&quot;&quot;},&quot;_id&quot;:&quot;17b4644&quot;,&quot;jet_parallax_layout_image_tablet&quot;:{&quot;url&quot;:&quot;&quot;,&quot;id&quot;:&quot;&quot;,&quot;size&quot;:&quot;&quot;},&quot;jet_parallax_layout_image_mobile&quot;:{&quot;url&quot;:&quot;&quot;,&quot;id&quot;:&quot;&quot;,&quot;size&quot;:&quot;&quot;},&quot;jet_parallax_layout_speed&quot;:{&quot;unit&quot;:&quot;%&quot;,&quot;size&quot;:50,&quot;sizes&quot;:[]},&quot;jet_parallax_layout_type&quot;:&quot;scroll&quot;,&quot;jet_parallax_layout_direction&quot;:null,&quot;jet_parallax_layout_fx_direction&quot;:null,&quot;jet_parallax_layout_z_index&quot;:&quot;&quot;,&quot;jet_parallax_layout_bg_x&quot;:50,&quot;jet_parallax_layout_bg_y&quot;:50,&quot;jet_parallax_layout_bg_size&quot;:&quot;auto&quot;,&quot;jet_parallax_layout_animation_prop&quot;:&quot;transform&quot;,&quot;jet_parallax_layout_on&quot;:[&quot;desktop&quot;,&quot;tablet&quot;],&quot;jet_parallax_layout_bg_x_tablet&quot;:&quot;&quot;,&quot;jet_parallax_layout_bg_x_mobile&quot;:&quot;&quot;,&quot;jet_parallax_layout_bg_y_tablet&quot;:&quot;&quot;,&quot;jet_parallax_layout_bg_y_mobile&quot;:&quot;&quot;,&quot;jet_parallax_layout_bg_size_tablet&quot;:&quot;&quot;,&quot;jet_parallax_layout_bg_size_mobile&quot;:&quot;&quot;}]}\">\n\t\t\t\t\t\t<div class=\"elementor-container elementor-column-gap-default\">\n\t\t\t\t\t<div class=\"elementor-column elementor-col-100 elementor-top-column elementor-element elementor-element-962353f\" data-id=\"962353f\" data-element_type=\"column\">\n\t\t\t<div class=\"elementor-widget-wrap elementor-element-populated\">\n\t\t\t\t\t\t<div class=\"elementor-element elementor-element-6811c21 elementor-widget elementor-widget-image\" data-id=\"6811c21\" data-element_type=\"widget\" data-widget_type=\"image.default\">\n\t\t\t\t<div class=\"elementor-widget-container\">\n\t\t\t\t\t\t\t\t\t\t\t\t\t\t\t<img fetchpriority=\"high\" decoding=\"async\" width=\"1024\" height=\"704\" src=\"https:\/\/chefacademy.it\/wp-content\/uploads\/2020\/09\/FOTO-SERATA-GALA-CORSO-CUOCO-28-DEL-27-07-2015-LAVORATE-3-di-63-2-1024x704.jpg\" class=\"attachment-large size-large wp-image-187534\" alt=\"\" srcset=\"https:\/\/chefacademy.it\/wp-content\/uploads\/2020\/09\/FOTO-SERATA-GALA-CORSO-CUOCO-28-DEL-27-07-2015-LAVORATE-3-di-63-2-1024x704.jpg 1024w, https:\/\/chefacademy.it\/wp-content\/uploads\/2020\/09\/FOTO-SERATA-GALA-CORSO-CUOCO-28-DEL-27-07-2015-LAVORATE-3-di-63-2-600x412.jpg 600w, https:\/\/chefacademy.it\/wp-content\/uploads\/2020\/09\/FOTO-SERATA-GALA-CORSO-CUOCO-28-DEL-27-07-2015-LAVORATE-3-di-63-2-300x206.jpg 300w, https:\/\/chefacademy.it\/wp-content\/uploads\/2020\/09\/FOTO-SERATA-GALA-CORSO-CUOCO-28-DEL-27-07-2015-LAVORATE-3-di-63-2-768x528.jpg 768w, https:\/\/chefacademy.it\/wp-content\/uploads\/2020\/09\/FOTO-SERATA-GALA-CORSO-CUOCO-28-DEL-27-07-2015-LAVORATE-3-di-63-2.jpg 1400w\" sizes=\"(max-width: 1024px) 100vw, 1024px\" \/>\t\t\t\t\t\t\t\t\t\t\t\t\t\t\t<\/div>\n\t\t\t\t<\/div>\n\t\t\t\t\t<\/div>\n\t\t<\/div>\n\t\t\t\t\t<\/div>\n\t\t<\/section>\n\t\t\t\t<section class=\"elementor-section elementor-top-section elementor-element elementor-element-2af9159 elementor-section-boxed elementor-section-height-default elementor-section-height-default\" data-id=\"2af9159\" data-element_type=\"section\" data-settings=\"{&quot;jet_parallax_layout_list&quot;:[{&quot;jet_parallax_layout_image&quot;:{&quot;url&quot;:&quot;&quot;,&quot;id&quot;:&quot;&quot;,&quot;size&quot;:&quot;&quot;},&quot;_id&quot;:&quot;3b7849b&quot;,&quot;jet_parallax_layout_image_tablet&quot;:{&quot;url&quot;:&quot;&quot;,&quot;id&quot;:&quot;&quot;,&quot;size&quot;:&quot;&quot;},&quot;jet_parallax_layout_image_mobile&quot;:{&quot;url&quot;:&quot;&quot;,&quot;id&quot;:&quot;&quot;,&quot;size&quot;:&quot;&quot;},&quot;jet_parallax_layout_speed&quot;:{&quot;unit&quot;:&quot;%&quot;,&quot;size&quot;:50,&quot;sizes&quot;:[]},&quot;jet_parallax_layout_type&quot;:&quot;scroll&quot;,&quot;jet_parallax_layout_direction&quot;:null,&quot;jet_parallax_layout_fx_direction&quot;:null,&quot;jet_parallax_layout_z_index&quot;:&quot;&quot;,&quot;jet_parallax_layout_bg_x&quot;:50,&quot;jet_parallax_layout_bg_y&quot;:50,&quot;jet_parallax_layout_bg_size&quot;:&quot;auto&quot;,&quot;jet_parallax_layout_animation_prop&quot;:&quot;transform&quot;,&quot;jet_parallax_layout_on&quot;:[&quot;desktop&quot;,&quot;tablet&quot;],&quot;jet_parallax_layout_bg_x_tablet&quot;:&quot;&quot;,&quot;jet_parallax_layout_bg_x_mobile&quot;:&quot;&quot;,&quot;jet_parallax_layout_bg_y_tablet&quot;:&quot;&quot;,&quot;jet_parallax_layout_bg_y_mobile&quot;:&quot;&quot;,&quot;jet_parallax_layout_bg_size_tablet&quot;:&quot;&quot;,&quot;jet_parallax_layout_bg_size_mobile&quot;:&quot;&quot;}]}\">\n\t\t\t\t\t\t<div class=\"elementor-container elementor-column-gap-default\">\n\t\t\t\t\t<div class=\"elementor-column elementor-col-100 elementor-top-column elementor-element elementor-element-6a9cb79\" data-id=\"6a9cb79\" data-element_type=\"column\">\n\t\t\t<div class=\"elementor-widget-wrap elementor-element-populated\">\n\t\t\t\t\t\t<div class=\"elementor-element elementor-element-ecd9cb5 elementor-widget elementor-widget-text-editor\" data-id=\"ecd9cb5\" data-element_type=\"widget\" data-widget_type=\"text-editor.default\">\n\t\t\t\t<div class=\"elementor-widget-container\">\n\t\t\t\t\t\t\t\t\t<section id=\"sp-main-body-wrapper\" class=\" \"><div class=\"container\"><div id=\"main-body\" class=\"row-fluid\"><div id=\"sp-message-area\" class=\"span8\"><section id=\"sp-component-area-wrapper\" class=\" \"><div id=\"component-area\" class=\"row-fluid\"><div id=\"sp-component-area\" class=\"span12\"><section id=\"sp-component-wrapper\"><div id=\"sp-component\"><div class=\"item-page\"><div class=\"page-header\"><div class=\"page-header\"><div class=\"page-header\"><h2>Curso de Cocinero \u2013 350 horas + stage<\/h2><\/div><div class=\"pull- item-image\">\u00a0<\/div><h4>El curso profesional de Cocinero, prepara para la profesi\u00f3n, a trav\u00e9s de una formaci\u00f3n orientada hacia los aspectos pr\u00e1cticos, que permitir\u00e1 adquirir al estudiante las habilidades necesarias para emprender una carrera profesional en el sector de Restaurantes.<\/h4><h4>El curso de Cocinero es la carta de presentaci\u00f3n de Chef Academy y afronta durante las lecciones numerosos argumentos, t\u00e9cnicas y conocimientos tem\u00e1ticos (cocina sana, laboratorios sensoriales, combinaci\u00f3n comida\/vino) pasando desde la cocina tradicional a la molecular, desde la cocina regional a la internacional.<\/h4><h4>Los estudiantes, al final del curso ser\u00e1n llamados para realizar un men\u00fa individual y un men\u00fa de grupo, que ser\u00e1 suministrado durante una noche de gala final.<\/h4><h4>El curso otorgar\u00e1 a los id\u00f3neos un t\u00edtulo profesional legalmente reconocido de Cocinero, v\u00e1lido en todo el territorio nacional y comunitario. Est\u00e1n previstos, adem\u00e1s, dos certificados adicionales, HACCP y seguridad en los lugares de trabajo para los adeptos al servicio de Restaurant, necesarios para ejercitar la profesi\u00f3n de Cocinero.<\/h4><h4>El curso dura 350 horas obligatorias, con 2 meses de stage adicionales, para ser realizados a elecci\u00f3n, por el estudiante, entre las m\u00e1s de 1000 estructuras convencionadas con Chef Academy.<\/h4><h4><strong>Costo del curso: \u20ac 6000 sin IVA (El IVA no se aplica en virtud del reconocimiento p\u00fablico del curso).<\/strong><\/h4><h3>EX\u00c1MEN FINAL<\/h3><p>Los ex\u00e1menes de calificaci\u00f3n ser\u00e1n realizados en nuestra sede con la presencia de una comisi\u00f3n formada por:<\/p><ul><li>presidente de la regi\u00f3n<\/li><li>educaci\u00f3n p\u00fablica<\/li><li>ministerio del trabajo<\/li><li>organizaci\u00f3n sindical<\/li><li>representante de la provincia<\/li><li>secretario de la provincia<\/li><\/ul><h3>DOTACI\u00d3N<\/h3><ul><li>MATERIAL DID\u00c1CTICO<\/li><li>SET COMPLETO DE CUCHILLOS<\/li><li>MATERIAS PRIMAS Y DE CONSUMO<\/li><li>CERTIFICADO DE CALIFICACI\u00d3N EN CASO DE IDONEIDAD<\/li><li>CERTIFICADO HACCP Y SEGURIDAD EN LOS LUGARES DE TRABAJO<\/li><li>UNIFORME DE CHEF<\/li><\/ul><\/div><\/div><\/div><\/div><\/section><\/div><\/div><\/section><\/div><\/div><\/div><\/section>\t\t\t\t\t\t\t\t<\/div>\n\t\t\t\t<\/div>\n\t\t\t\t\t<\/div>\n\t\t<\/div>\n\t\t\t\t\t<\/div>\n\t\t<\/section>\n\t\t\t\t<\/div>\n\t\t","protected":false},"excerpt":{"rendered":"<p>Curso de Cocinero \u2013 350 horas + stage \u00a0 El curso profesional de Cocinero, prepara para la profesi\u00f3n, a trav\u00e9s de una formaci\u00f3n orientada hacia los aspectos pr\u00e1cticos, que permitir\u00e1 adquirir al estudiante las habilidades necesarias para emprender una carrera profesional en el sector de Restaurantes. El curso de Cocinero es la carta de presentaci\u00f3n [&hellip;]<\/p>\n","protected":false},"author":2,"featured_media":0,"parent":0,"menu_order":36,"comment_status":"closed","ping_status":"closed","template":"elementor_header_footer","meta":{"footnotes":""},"class_list":["post-201927","page","type-page","status-publish","hentry"],"acf":[],"yoast_head":"<!-- This site is optimized with the Yoast SEO plugin v25.4 - https:\/\/yoast.com\/wordpress\/plugins\/seo\/ -->\n<title>corso-cuoco - Chefacademy<\/title>\n<meta name=\"robots\" content=\"index, follow, max-snippet:-1, max-image-preview:large, max-video-preview:-1\" \/>\n<link rel=\"canonical\" href=\"https:\/\/chefacademy.it\/es\/corso-cuoco\/\" \/>\n<meta property=\"og:locale\" content=\"es_ES\" \/>\n<meta property=\"og:type\" content=\"article\" \/>\n<meta property=\"og:title\" content=\"corso-cuoco - Chefacademy\" \/>\n<meta property=\"og:description\" content=\"Curso de Cocinero \u2013 350 horas + stage \u00a0 El curso profesional de Cocinero, prepara para la profesi\u00f3n, a trav\u00e9s de una formaci\u00f3n orientada hacia los aspectos pr\u00e1cticos, que permitir\u00e1 adquirir al estudiante las habilidades necesarias para emprender una carrera profesional en el sector de Restaurantes. El curso de Cocinero es la carta de presentaci\u00f3n [&hellip;]\" \/>\n<meta property=\"og:url\" content=\"https:\/\/chefacademy.it\/es\/corso-cuoco\/\" \/>\n<meta property=\"og:site_name\" content=\"Chefacademy\" \/>\n<meta property=\"article:modified_time\" content=\"2021-02-12T17:33:42+00:00\" \/>\n<meta property=\"og:image\" content=\"https:\/\/chefacademy.it\/wp-content\/uploads\/2020\/09\/FOTO-SERATA-GALA-CORSO-CUOCO-28-DEL-27-07-2015-LAVORATE-3-di-63-2-1024x704.jpg\" \/>\n<meta name=\"twitter:card\" content=\"summary_large_image\" \/>\n<meta name=\"twitter:label1\" content=\"Tiempo de lectura\" \/>\n\t<meta name=\"twitter:data1\" content=\"1 minuto\" \/>\n<script type=\"application\/ld+json\" class=\"yoast-schema-graph\">{\"@context\":\"https:\/\/schema.org\",\"@graph\":[{\"@type\":\"WebPage\",\"@id\":\"https:\/\/chefacademy.it\/es\/corso-cuoco\/\",\"url\":\"https:\/\/chefacademy.it\/es\/corso-cuoco\/\",\"name\":\"corso-cuoco - Chefacademy\",\"isPartOf\":{\"@id\":\"https:\/\/chefacademy.it\/#website\"},\"primaryImageOfPage\":{\"@id\":\"https:\/\/chefacademy.it\/es\/corso-cuoco\/#primaryimage\"},\"image\":{\"@id\":\"https:\/\/chefacademy.it\/es\/corso-cuoco\/#primaryimage\"},\"thumbnailUrl\":\"https:\/\/chefacademy.it\/wp-content\/uploads\/2020\/09\/FOTO-SERATA-GALA-CORSO-CUOCO-28-DEL-27-07-2015-LAVORATE-3-di-63-2-1024x704.jpg\",\"datePublished\":\"2020-11-17T04:14:21+00:00\",\"dateModified\":\"2021-02-12T17:33:42+00:00\",\"breadcrumb\":{\"@id\":\"https:\/\/chefacademy.it\/es\/corso-cuoco\/#breadcrumb\"},\"inLanguage\":\"es\",\"potentialAction\":[{\"@type\":\"ReadAction\",\"target\":[\"https:\/\/chefacademy.it\/es\/corso-cuoco\/\"]}]},{\"@type\":\"ImageObject\",\"inLanguage\":\"es\",\"@id\":\"https:\/\/chefacademy.it\/es\/corso-cuoco\/#primaryimage\",\"url\":\"https:\/\/chefacademy.it\/wp-content\/uploads\/2020\/09\/FOTO-SERATA-GALA-CORSO-CUOCO-28-DEL-27-07-2015-LAVORATE-3-di-63-2-1024x704.jpg\",\"contentUrl\":\"https:\/\/chefacademy.it\/wp-content\/uploads\/2020\/09\/FOTO-SERATA-GALA-CORSO-CUOCO-28-DEL-27-07-2015-LAVORATE-3-di-63-2-1024x704.jpg\"},{\"@type\":\"BreadcrumbList\",\"@id\":\"https:\/\/chefacademy.it\/es\/corso-cuoco\/#breadcrumb\",\"itemListElement\":[{\"@type\":\"ListItem\",\"position\":1,\"name\":\"Home\",\"item\":\"https:\/\/chefacademy.it\/es\/\"},{\"@type\":\"ListItem\",\"position\":2,\"name\":\"corso-cuoco\"}]},{\"@type\":\"WebSite\",\"@id\":\"https:\/\/chefacademy.it\/#website\",\"url\":\"https:\/\/chefacademy.it\/\",\"name\":\"Chefacademy\",\"description\":\"Scuola professionale di cucina\",\"potentialAction\":[{\"@type\":\"SearchAction\",\"target\":{\"@type\":\"EntryPoint\",\"urlTemplate\":\"https:\/\/chefacademy.it\/?s={search_term_string}\"},\"query-input\":{\"@type\":\"PropertyValueSpecification\",\"valueRequired\":true,\"valueName\":\"search_term_string\"}}],\"inLanguage\":\"es\"}]}<\/script>\n<!-- \/ Yoast SEO plugin. -->","yoast_head_json":{"title":"corso-cuoco - Chefacademy","robots":{"index":"index","follow":"follow","max-snippet":"max-snippet:-1","max-image-preview":"max-image-preview:large","max-video-preview":"max-video-preview:-1"},"canonical":"https:\/\/chefacademy.it\/es\/corso-cuoco\/","og_locale":"es_ES","og_type":"article","og_title":"corso-cuoco - Chefacademy","og_description":"Curso de Cocinero \u2013 350 horas + stage \u00a0 El curso profesional de Cocinero, prepara para la profesi\u00f3n, a trav\u00e9s de una formaci\u00f3n orientada hacia los aspectos pr\u00e1cticos, que permitir\u00e1 adquirir al estudiante las habilidades necesarias para emprender una carrera profesional en el sector de Restaurantes. El curso de Cocinero es la carta de presentaci\u00f3n [&hellip;]","og_url":"https:\/\/chefacademy.it\/es\/corso-cuoco\/","og_site_name":"Chefacademy","article_modified_time":"2021-02-12T17:33:42+00:00","og_image":[{"url":"https:\/\/chefacademy.it\/wp-content\/uploads\/2020\/09\/FOTO-SERATA-GALA-CORSO-CUOCO-28-DEL-27-07-2015-LAVORATE-3-di-63-2-1024x704.jpg","type":"","width":"","height":""}],"twitter_card":"summary_large_image","twitter_misc":{"Tiempo de lectura":"1 minuto"},"schema":{"@context":"https:\/\/schema.org","@graph":[{"@type":"WebPage","@id":"https:\/\/chefacademy.it\/es\/corso-cuoco\/","url":"https:\/\/chefacademy.it\/es\/corso-cuoco\/","name":"corso-cuoco - Chefacademy","isPartOf":{"@id":"https:\/\/chefacademy.it\/#website"},"primaryImageOfPage":{"@id":"https:\/\/chefacademy.it\/es\/corso-cuoco\/#primaryimage"},"image":{"@id":"https:\/\/chefacademy.it\/es\/corso-cuoco\/#primaryimage"},"thumbnailUrl":"https:\/\/chefacademy.it\/wp-content\/uploads\/2020\/09\/FOTO-SERATA-GALA-CORSO-CUOCO-28-DEL-27-07-2015-LAVORATE-3-di-63-2-1024x704.jpg","datePublished":"2020-11-17T04:14:21+00:00","dateModified":"2021-02-12T17:33:42+00:00","breadcrumb":{"@id":"https:\/\/chefacademy.it\/es\/corso-cuoco\/#breadcrumb"},"inLanguage":"es","potentialAction":[{"@type":"ReadAction","target":["https:\/\/chefacademy.it\/es\/corso-cuoco\/"]}]},{"@type":"ImageObject","inLanguage":"es","@id":"https:\/\/chefacademy.it\/es\/corso-cuoco\/#primaryimage","url":"https:\/\/chefacademy.it\/wp-content\/uploads\/2020\/09\/FOTO-SERATA-GALA-CORSO-CUOCO-28-DEL-27-07-2015-LAVORATE-3-di-63-2-1024x704.jpg","contentUrl":"https:\/\/chefacademy.it\/wp-content\/uploads\/2020\/09\/FOTO-SERATA-GALA-CORSO-CUOCO-28-DEL-27-07-2015-LAVORATE-3-di-63-2-1024x704.jpg"},{"@type":"BreadcrumbList","@id":"https:\/\/chefacademy.it\/es\/corso-cuoco\/#breadcrumb","itemListElement":[{"@type":"ListItem","position":1,"name":"Home","item":"https:\/\/chefacademy.it\/es\/"},{"@type":"ListItem","position":2,"name":"corso-cuoco"}]},{"@type":"WebSite","@id":"https:\/\/chefacademy.it\/#website","url":"https:\/\/chefacademy.it\/","name":"Chefacademy","description":"Scuola professionale di cucina","potentialAction":[{"@type":"SearchAction","target":{"@type":"EntryPoint","urlTemplate":"https:\/\/chefacademy.it\/?s={search_term_string}"},"query-input":{"@type":"PropertyValueSpecification","valueRequired":true,"valueName":"search_term_string"}}],"inLanguage":"es"}]}},"_links":{"self":[{"href":"https:\/\/chefacademy.it\/es\/wp-json\/wp\/v2\/pages\/201927","targetHints":{"allow":["GET"]}}],"collection":[{"href":"https:\/\/chefacademy.it\/es\/wp-json\/wp\/v2\/pages"}],"about":[{"href":"https:\/\/chefacademy.it\/es\/wp-json\/wp\/v2\/types\/page"}],"author":[{"embeddable":true,"href":"https:\/\/chefacademy.it\/es\/wp-json\/wp\/v2\/users\/2"}],"replies":[{"embeddable":true,"href":"https:\/\/chefacademy.it\/es\/wp-json\/wp\/v2\/comments?post=201927"}],"version-history":[{"count":10,"href":"https:\/\/chefacademy.it\/es\/wp-json\/wp\/v2\/pages\/201927\/revisions"}],"predecessor-version":[{"id":206063,"href":"https:\/\/chefacademy.it\/es\/wp-json\/wp\/v2\/pages\/201927\/revisions\/206063"}],"wp:attachment":[{"href":"https:\/\/chefacademy.it\/es\/wp-json\/wp\/v2\/media?parent=201927"}],"curies":[{"name":"wp","href":"https:\/\/api.w.org\/{rel}","templated":true}]}}