{"id":201496,"date":"2020-11-16T13:31:54","date_gmt":"2020-11-16T12:31:54","guid":{"rendered":"https:\/\/chefacademy.it\/?page_id=201496"},"modified":"2021-02-12T18:32:50","modified_gmt":"2021-02-12T17:32:50","slug":"corso-pasticcere","status":"publish","type":"page","link":"https:\/\/chefacademy.it\/es\/corso-pasticcere\/","title":{"rendered":"corso-pasticcere"},"content":{"rendered":"\t\t<div data-elementor-type=\"wp-page\" data-elementor-id=\"201496\" class=\"elementor elementor-201496 elementor-175020\" data-elementor-post-type=\"page\">\n\t\t\t\t\t\t<section class=\"elementor-section elementor-top-section elementor-element elementor-element-6f09378 elementor-section-boxed elementor-section-height-default elementor-section-height-default\" data-id=\"6f09378\" data-element_type=\"section\" data-settings=\"{&quot;jet_parallax_layout_list&quot;:[{&quot;jet_parallax_layout_image&quot;:{&quot;url&quot;:&quot;&quot;,&quot;id&quot;:&quot;&quot;,&quot;size&quot;:&quot;&quot;},&quot;_id&quot;:&quot;17b4644&quot;,&quot;jet_parallax_layout_image_tablet&quot;:{&quot;url&quot;:&quot;&quot;,&quot;id&quot;:&quot;&quot;,&quot;size&quot;:&quot;&quot;},&quot;jet_parallax_layout_image_mobile&quot;:{&quot;url&quot;:&quot;&quot;,&quot;id&quot;:&quot;&quot;,&quot;size&quot;:&quot;&quot;},&quot;jet_parallax_layout_speed&quot;:{&quot;unit&quot;:&quot;%&quot;,&quot;size&quot;:50,&quot;sizes&quot;:[]},&quot;jet_parallax_layout_type&quot;:&quot;scroll&quot;,&quot;jet_parallax_layout_direction&quot;:null,&quot;jet_parallax_layout_fx_direction&quot;:null,&quot;jet_parallax_layout_z_index&quot;:&quot;&quot;,&quot;jet_parallax_layout_bg_x&quot;:50,&quot;jet_parallax_layout_bg_y&quot;:50,&quot;jet_parallax_layout_bg_size&quot;:&quot;auto&quot;,&quot;jet_parallax_layout_animation_prop&quot;:&quot;transform&quot;,&quot;jet_parallax_layout_on&quot;:[&quot;desktop&quot;,&quot;tablet&quot;],&quot;jet_parallax_layout_bg_x_tablet&quot;:&quot;&quot;,&quot;jet_parallax_layout_bg_x_mobile&quot;:&quot;&quot;,&quot;jet_parallax_layout_bg_y_tablet&quot;:&quot;&quot;,&quot;jet_parallax_layout_bg_y_mobile&quot;:&quot;&quot;,&quot;jet_parallax_layout_bg_size_tablet&quot;:&quot;&quot;,&quot;jet_parallax_layout_bg_size_mobile&quot;:&quot;&quot;}]}\">\n\t\t\t\t\t\t<div class=\"elementor-container elementor-column-gap-default\">\n\t\t\t\t\t<div class=\"elementor-column elementor-col-100 elementor-top-column elementor-element elementor-element-07faaa0\" data-id=\"07faaa0\" data-element_type=\"column\">\n\t\t\t<div class=\"elementor-widget-wrap elementor-element-populated\">\n\t\t\t\t\t\t<div class=\"elementor-element elementor-element-5f97886 elementor-widget elementor-widget-image\" data-id=\"5f97886\" data-element_type=\"widget\" data-widget_type=\"image.default\">\n\t\t\t\t<div class=\"elementor-widget-container\">\n\t\t\t\t\t\t\t\t\t\t\t\t\t\t\t<img fetchpriority=\"high\" decoding=\"async\" width=\"1024\" height=\"768\" src=\"https:\/\/chefacademy.it\/wp-content\/uploads\/2020\/09\/FOTO-CORSO-PASTICCERE-22-DEL-23-06-2015-MATTINA-E-POMERIGGIO-CON-ISIDE-D...-1-1024x768.jpg\" class=\"attachment-large size-large wp-image-187376\" alt=\"\" srcset=\"https:\/\/chefacademy.it\/wp-content\/uploads\/2020\/09\/FOTO-CORSO-PASTICCERE-22-DEL-23-06-2015-MATTINA-E-POMERIGGIO-CON-ISIDE-D...-1-1024x768.jpg 1024w, https:\/\/chefacademy.it\/wp-content\/uploads\/2020\/09\/FOTO-CORSO-PASTICCERE-22-DEL-23-06-2015-MATTINA-E-POMERIGGIO-CON-ISIDE-D...-1-600x450.jpg 600w, https:\/\/chefacademy.it\/wp-content\/uploads\/2020\/09\/FOTO-CORSO-PASTICCERE-22-DEL-23-06-2015-MATTINA-E-POMERIGGIO-CON-ISIDE-D...-1-300x225.jpg 300w, https:\/\/chefacademy.it\/wp-content\/uploads\/2020\/09\/FOTO-CORSO-PASTICCERE-22-DEL-23-06-2015-MATTINA-E-POMERIGGIO-CON-ISIDE-D...-1-768x576.jpg 768w, https:\/\/chefacademy.it\/wp-content\/uploads\/2020\/09\/FOTO-CORSO-PASTICCERE-22-DEL-23-06-2015-MATTINA-E-POMERIGGIO-CON-ISIDE-D...-1.jpg 1400w\" sizes=\"(max-width: 1024px) 100vw, 1024px\" \/>\t\t\t\t\t\t\t\t\t\t\t\t\t\t\t<\/div>\n\t\t\t\t<\/div>\n\t\t\t\t\t<\/div>\n\t\t<\/div>\n\t\t\t\t\t<\/div>\n\t\t<\/section>\n\t\t\t\t<section class=\"elementor-section elementor-top-section elementor-element elementor-element-e6ccb93 elementor-section-boxed elementor-section-height-default elementor-section-height-default\" data-id=\"e6ccb93\" data-element_type=\"section\" data-settings=\"{&quot;jet_parallax_layout_list&quot;:[{&quot;jet_parallax_layout_image&quot;:{&quot;url&quot;:&quot;&quot;,&quot;id&quot;:&quot;&quot;,&quot;size&quot;:&quot;&quot;},&quot;_id&quot;:&quot;3b7849b&quot;,&quot;jet_parallax_layout_image_tablet&quot;:{&quot;url&quot;:&quot;&quot;,&quot;id&quot;:&quot;&quot;,&quot;size&quot;:&quot;&quot;},&quot;jet_parallax_layout_image_mobile&quot;:{&quot;url&quot;:&quot;&quot;,&quot;id&quot;:&quot;&quot;,&quot;size&quot;:&quot;&quot;},&quot;jet_parallax_layout_speed&quot;:{&quot;unit&quot;:&quot;%&quot;,&quot;size&quot;:50,&quot;sizes&quot;:[]},&quot;jet_parallax_layout_type&quot;:&quot;scroll&quot;,&quot;jet_parallax_layout_direction&quot;:null,&quot;jet_parallax_layout_fx_direction&quot;:null,&quot;jet_parallax_layout_z_index&quot;:&quot;&quot;,&quot;jet_parallax_layout_bg_x&quot;:50,&quot;jet_parallax_layout_bg_y&quot;:50,&quot;jet_parallax_layout_bg_size&quot;:&quot;auto&quot;,&quot;jet_parallax_layout_animation_prop&quot;:&quot;transform&quot;,&quot;jet_parallax_layout_on&quot;:[&quot;desktop&quot;,&quot;tablet&quot;],&quot;jet_parallax_layout_bg_x_tablet&quot;:&quot;&quot;,&quot;jet_parallax_layout_bg_x_mobile&quot;:&quot;&quot;,&quot;jet_parallax_layout_bg_y_tablet&quot;:&quot;&quot;,&quot;jet_parallax_layout_bg_y_mobile&quot;:&quot;&quot;,&quot;jet_parallax_layout_bg_size_tablet&quot;:&quot;&quot;,&quot;jet_parallax_layout_bg_size_mobile&quot;:&quot;&quot;}]}\">\n\t\t\t\t\t\t<div class=\"elementor-container elementor-column-gap-default\">\n\t\t\t\t\t<div class=\"elementor-column elementor-col-100 elementor-top-column elementor-element elementor-element-e8f6e85\" data-id=\"e8f6e85\" data-element_type=\"column\">\n\t\t\t<div class=\"elementor-widget-wrap elementor-element-populated\">\n\t\t\t\t\t\t<div class=\"elementor-element elementor-element-c5c5e59 elementor-widget elementor-widget-text-editor\" data-id=\"c5c5e59\" data-element_type=\"widget\" data-widget_type=\"text-editor.default\">\n\t\t\t\t<div class=\"elementor-widget-container\">\n\t\t\t\t\t\t\t\t\t<div class=\"page-header\"><h2>Curso de Pastelero \u2013 200 horas +stage<\/h2><\/div><div class=\"pull- item-image\">\u00a0<\/div><h4>Chef Academy, se avala de la colaboraci\u00f3n del Equipo de Excelencia de la FIP (Federaci\u00f3n Italiana de Pasteleros), en calidad de escuela reconocida por la Federaci\u00f3n. Adem\u00e1s, est\u00e1n previstos, dos certificados adicionales, HACCP y seguridad en los lugares de trabajo, para los adeptos al servicio de Restaurant, necesarios en el ejercicio de la profesi\u00f3n de Pastelero.<\/h4><h4>El curso dura, 200 horas obligatorias, con 2 meses de stage adicionales, para ser realizados a elecci\u00f3n, por el estudiante, entre las m\u00e1s de 1000 estructuras convencionadas con Chef Academy.<\/h4><h4><strong>Costo del curso: \u20ac 5.100 sin IVA (El IVA no se aplica en virtud del reconocimiento p\u00fablico del curso).<\/strong><\/h4><h3>EX\u00c1MEN FINAL<\/h3><p>Los ex\u00e1menes de calificaci\u00f3n ser\u00e1n realizados en nuestra sede con la presencia de una comisi\u00f3n formada por:<\/p><p>presidente de la regi\u00f3n<\/p><p>educaci\u00f3n p\u00fablica<\/p><p>ministerio del trabajo<\/p><p>organizaci\u00f3n sindical<\/p><p>representante de la provincia<\/p><p>secretario de la provincia<\/p><h3>DOTACI\u00d3N<\/h3><p>MATERIAL DID\u00c1CTICO<\/p><p>SET DE PASTELER\u00cdA<\/p><p>MATERIAS PRIMAS Y DE CONSUMO<\/p><p>CERTIFICADO DE CALIFICACI\u00d3N EN CASO DE IDONEIDAD<\/p><p>CERTIFICADO HACCP Y SEGURIDAD EN LOS LUGARES DE TRABAJO<\/p><p>UNIFORME DE PASTELERO<\/p><p>CREDENCIAL ANUAL FIP<\/p>\t\t\t\t\t\t\t\t<\/div>\n\t\t\t\t<\/div>\n\t\t\t\t\t<\/div>\n\t\t<\/div>\n\t\t\t\t\t<\/div>\n\t\t<\/section>\n\t\t\t\t<\/div>\n\t\t","protected":false},"excerpt":{"rendered":"<p>Curso de Pastelero \u2013 200 horas +stage \u00a0 Chef Academy, se avala de la colaboraci\u00f3n del Equipo de Excelencia de la FIP (Federaci\u00f3n Italiana de Pasteleros), en calidad de escuela reconocida por la Federaci\u00f3n. Adem\u00e1s, est\u00e1n previstos, dos certificados adicionales, HACCP y seguridad en los lugares de trabajo, para los adeptos al servicio de Restaurant, [&hellip;]<\/p>\n","protected":false},"author":2,"featured_media":0,"parent":0,"menu_order":43,"comment_status":"closed","ping_status":"closed","template":"","meta":{"footnotes":""},"class_list":["post-201496","page","type-page","status-publish","hentry"],"acf":[],"yoast_head":"<!-- This site is optimized with the Yoast SEO plugin v25.4 - https:\/\/yoast.com\/wordpress\/plugins\/seo\/ -->\n<title>corso-pasticcere - Chefacademy<\/title>\n<meta name=\"robots\" content=\"index, follow, max-snippet:-1, max-image-preview:large, max-video-preview:-1\" \/>\n<link rel=\"canonical\" href=\"https:\/\/chefacademy.it\/es\/corso-pasticcere\/\" \/>\n<meta property=\"og:locale\" content=\"es_ES\" \/>\n<meta property=\"og:type\" content=\"article\" \/>\n<meta property=\"og:title\" content=\"corso-pasticcere - Chefacademy\" \/>\n<meta property=\"og:description\" content=\"Curso de Pastelero \u2013 200 horas +stage \u00a0 Chef Academy, se avala de la colaboraci\u00f3n del Equipo de Excelencia de la FIP (Federaci\u00f3n Italiana de Pasteleros), en calidad de escuela reconocida por la Federaci\u00f3n. Adem\u00e1s, est\u00e1n previstos, dos certificados adicionales, HACCP y seguridad en los lugares de trabajo, para los adeptos al servicio de Restaurant, [&hellip;]\" \/>\n<meta property=\"og:url\" content=\"https:\/\/chefacademy.it\/es\/corso-pasticcere\/\" \/>\n<meta property=\"og:site_name\" content=\"Chefacademy\" \/>\n<meta property=\"article:modified_time\" content=\"2021-02-12T17:32:50+00:00\" \/>\n<meta property=\"og:image\" content=\"https:\/\/chefacademy.it\/wp-content\/uploads\/2020\/09\/FOTO-CORSO-PASTICCERE-22-DEL-23-06-2015-MATTINA-E-POMERIGGIO-CON-ISIDE-D...-1-1024x768.jpg\" \/>\n<meta name=\"twitter:card\" content=\"summary_large_image\" \/>\n<meta name=\"twitter:label1\" content=\"Tiempo de lectura\" \/>\n\t<meta name=\"twitter:data1\" content=\"1 minuto\" \/>\n<script type=\"application\/ld+json\" class=\"yoast-schema-graph\">{\"@context\":\"https:\/\/schema.org\",\"@graph\":[{\"@type\":\"WebPage\",\"@id\":\"https:\/\/chefacademy.it\/es\/corso-pasticcere\/\",\"url\":\"https:\/\/chefacademy.it\/es\/corso-pasticcere\/\",\"name\":\"corso-pasticcere - Chefacademy\",\"isPartOf\":{\"@id\":\"https:\/\/chefacademy.it\/#website\"},\"primaryImageOfPage\":{\"@id\":\"https:\/\/chefacademy.it\/es\/corso-pasticcere\/#primaryimage\"},\"image\":{\"@id\":\"https:\/\/chefacademy.it\/es\/corso-pasticcere\/#primaryimage\"},\"thumbnailUrl\":\"https:\/\/chefacademy.it\/wp-content\/uploads\/2020\/09\/FOTO-CORSO-PASTICCERE-22-DEL-23-06-2015-MATTINA-E-POMERIGGIO-CON-ISIDE-D...-1-1024x768.jpg\",\"datePublished\":\"2020-11-16T12:31:54+00:00\",\"dateModified\":\"2021-02-12T17:32:50+00:00\",\"breadcrumb\":{\"@id\":\"https:\/\/chefacademy.it\/es\/corso-pasticcere\/#breadcrumb\"},\"inLanguage\":\"es\",\"potentialAction\":[{\"@type\":\"ReadAction\",\"target\":[\"https:\/\/chefacademy.it\/es\/corso-pasticcere\/\"]}]},{\"@type\":\"ImageObject\",\"inLanguage\":\"es\",\"@id\":\"https:\/\/chefacademy.it\/es\/corso-pasticcere\/#primaryimage\",\"url\":\"https:\/\/chefacademy.it\/wp-content\/uploads\/2020\/09\/FOTO-CORSO-PASTICCERE-22-DEL-23-06-2015-MATTINA-E-POMERIGGIO-CON-ISIDE-D...-1-1024x768.jpg\",\"contentUrl\":\"https:\/\/chefacademy.it\/wp-content\/uploads\/2020\/09\/FOTO-CORSO-PASTICCERE-22-DEL-23-06-2015-MATTINA-E-POMERIGGIO-CON-ISIDE-D...-1-1024x768.jpg\"},{\"@type\":\"BreadcrumbList\",\"@id\":\"https:\/\/chefacademy.it\/es\/corso-pasticcere\/#breadcrumb\",\"itemListElement\":[{\"@type\":\"ListItem\",\"position\":1,\"name\":\"Home\",\"item\":\"https:\/\/chefacademy.it\/es\/\"},{\"@type\":\"ListItem\",\"position\":2,\"name\":\"corso-pasticcere\"}]},{\"@type\":\"WebSite\",\"@id\":\"https:\/\/chefacademy.it\/#website\",\"url\":\"https:\/\/chefacademy.it\/\",\"name\":\"Chefacademy\",\"description\":\"Scuola professionale di cucina\",\"potentialAction\":[{\"@type\":\"SearchAction\",\"target\":{\"@type\":\"EntryPoint\",\"urlTemplate\":\"https:\/\/chefacademy.it\/?s={search_term_string}\"},\"query-input\":{\"@type\":\"PropertyValueSpecification\",\"valueRequired\":true,\"valueName\":\"search_term_string\"}}],\"inLanguage\":\"es\"}]}<\/script>\n<!-- \/ Yoast SEO plugin. -->","yoast_head_json":{"title":"corso-pasticcere - Chefacademy","robots":{"index":"index","follow":"follow","max-snippet":"max-snippet:-1","max-image-preview":"max-image-preview:large","max-video-preview":"max-video-preview:-1"},"canonical":"https:\/\/chefacademy.it\/es\/corso-pasticcere\/","og_locale":"es_ES","og_type":"article","og_title":"corso-pasticcere - Chefacademy","og_description":"Curso de Pastelero \u2013 200 horas +stage \u00a0 Chef Academy, se avala de la colaboraci\u00f3n del Equipo de Excelencia de la FIP (Federaci\u00f3n Italiana de Pasteleros), en calidad de escuela reconocida por la Federaci\u00f3n. Adem\u00e1s, est\u00e1n previstos, dos certificados adicionales, HACCP y seguridad en los lugares de trabajo, para los adeptos al servicio de Restaurant, [&hellip;]","og_url":"https:\/\/chefacademy.it\/es\/corso-pasticcere\/","og_site_name":"Chefacademy","article_modified_time":"2021-02-12T17:32:50+00:00","og_image":[{"url":"https:\/\/chefacademy.it\/wp-content\/uploads\/2020\/09\/FOTO-CORSO-PASTICCERE-22-DEL-23-06-2015-MATTINA-E-POMERIGGIO-CON-ISIDE-D...-1-1024x768.jpg","type":"","width":"","height":""}],"twitter_card":"summary_large_image","twitter_misc":{"Tiempo de lectura":"1 minuto"},"schema":{"@context":"https:\/\/schema.org","@graph":[{"@type":"WebPage","@id":"https:\/\/chefacademy.it\/es\/corso-pasticcere\/","url":"https:\/\/chefacademy.it\/es\/corso-pasticcere\/","name":"corso-pasticcere - Chefacademy","isPartOf":{"@id":"https:\/\/chefacademy.it\/#website"},"primaryImageOfPage":{"@id":"https:\/\/chefacademy.it\/es\/corso-pasticcere\/#primaryimage"},"image":{"@id":"https:\/\/chefacademy.it\/es\/corso-pasticcere\/#primaryimage"},"thumbnailUrl":"https:\/\/chefacademy.it\/wp-content\/uploads\/2020\/09\/FOTO-CORSO-PASTICCERE-22-DEL-23-06-2015-MATTINA-E-POMERIGGIO-CON-ISIDE-D...-1-1024x768.jpg","datePublished":"2020-11-16T12:31:54+00:00","dateModified":"2021-02-12T17:32:50+00:00","breadcrumb":{"@id":"https:\/\/chefacademy.it\/es\/corso-pasticcere\/#breadcrumb"},"inLanguage":"es","potentialAction":[{"@type":"ReadAction","target":["https:\/\/chefacademy.it\/es\/corso-pasticcere\/"]}]},{"@type":"ImageObject","inLanguage":"es","@id":"https:\/\/chefacademy.it\/es\/corso-pasticcere\/#primaryimage","url":"https:\/\/chefacademy.it\/wp-content\/uploads\/2020\/09\/FOTO-CORSO-PASTICCERE-22-DEL-23-06-2015-MATTINA-E-POMERIGGIO-CON-ISIDE-D...-1-1024x768.jpg","contentUrl":"https:\/\/chefacademy.it\/wp-content\/uploads\/2020\/09\/FOTO-CORSO-PASTICCERE-22-DEL-23-06-2015-MATTINA-E-POMERIGGIO-CON-ISIDE-D...-1-1024x768.jpg"},{"@type":"BreadcrumbList","@id":"https:\/\/chefacademy.it\/es\/corso-pasticcere\/#breadcrumb","itemListElement":[{"@type":"ListItem","position":1,"name":"Home","item":"https:\/\/chefacademy.it\/es\/"},{"@type":"ListItem","position":2,"name":"corso-pasticcere"}]},{"@type":"WebSite","@id":"https:\/\/chefacademy.it\/#website","url":"https:\/\/chefacademy.it\/","name":"Chefacademy","description":"Scuola professionale di cucina","potentialAction":[{"@type":"SearchAction","target":{"@type":"EntryPoint","urlTemplate":"https:\/\/chefacademy.it\/?s={search_term_string}"},"query-input":{"@type":"PropertyValueSpecification","valueRequired":true,"valueName":"search_term_string"}}],"inLanguage":"es"}]}},"_links":{"self":[{"href":"https:\/\/chefacademy.it\/es\/wp-json\/wp\/v2\/pages\/201496","targetHints":{"allow":["GET"]}}],"collection":[{"href":"https:\/\/chefacademy.it\/es\/wp-json\/wp\/v2\/pages"}],"about":[{"href":"https:\/\/chefacademy.it\/es\/wp-json\/wp\/v2\/types\/page"}],"author":[{"embeddable":true,"href":"https:\/\/chefacademy.it\/es\/wp-json\/wp\/v2\/users\/2"}],"replies":[{"embeddable":true,"href":"https:\/\/chefacademy.it\/es\/wp-json\/wp\/v2\/comments?post=201496"}],"version-history":[{"count":13,"href":"https:\/\/chefacademy.it\/es\/wp-json\/wp\/v2\/pages\/201496\/revisions"}],"predecessor-version":[{"id":206060,"href":"https:\/\/chefacademy.it\/es\/wp-json\/wp\/v2\/pages\/201496\/revisions\/206060"}],"wp:attachment":[{"href":"https:\/\/chefacademy.it\/es\/wp-json\/wp\/v2\/media?parent=201496"}],"curies":[{"name":"wp","href":"https:\/\/api.w.org\/{rel}","templated":true}]}}