{"id":115645,"date":"2015-01-17T15:33:08","date_gmt":"2015-01-17T14:33:08","guid":{"rendered":"https:\/\/chefacademy.it\/curso-de-ayudante-de-cocinero-215-horas-stage\/"},"modified":"2020-10-11T14:11:21","modified_gmt":"2020-10-11T12:11:21","slug":"curso-de-ayudante-de-cocinero-215-horas-stage","status":"publish","type":"page","link":"https:\/\/chefacademy.it\/es\/curso-de-ayudante-de-cocinero-215-horas-stage\/","title":{"rendered":"Curso de Ayudante de Cocinero \u2013 215 horas + stage"},"content":{"rendered":"<p><img fetchpriority=\"high\" decoding=\"async\" class=\" size-full wp-image-113826\" src=\"https:\/\/chefacademy.it\/wp-content\/uploads\/2015\/01\/corso-aiuto-cocinero-large.jpg\" alt=\"\" width=\"770\" height=\"513\" srcset=\"https:\/\/chefacademy.it\/wp-content\/uploads\/2015\/01\/corso-aiuto-cocinero-large.jpg 770w, https:\/\/chefacademy.it\/wp-content\/uploads\/2015\/01\/corso-aiuto-cocinero-large-600x400.jpg 600w, https:\/\/chefacademy.it\/wp-content\/uploads\/2015\/01\/corso-aiuto-cocinero-large-300x200.jpg 300w, https:\/\/chefacademy.it\/wp-content\/uploads\/2015\/01\/corso-aiuto-cocinero-large-768x512.jpg 768w\" sizes=\"(max-width: 770px) 100vw, 770px\" \/><\/p>\n<h4>El curso profesional de Ayudante de Cocinero permite adquirir conocimientos, competencias y habilidades necesarias para entrar con \u00e9xito en una cocina profesional.<\/h4>\n<h4>El curso, otorgar\u00e1 a los id\u00f3neos, un t\u00edtulo profesional legalmente reconocido de \u201cAyudante de Cocinero\u201d, v\u00e1lido en todo el territorio nacional y comunitario. Adem\u00e1s, est\u00e1n previstos, dos certificados adicionales, HACCP y seguridad en los lugares de trabajo para los adeptos al servicio de Restaurant, necesarios en el ejercicio de la profesi\u00f3n de Ayudante de Cocinero.<\/h4>\n<p>   <!--more-->   <\/p>\n<h4>El curso dura 215 horas obligatorias, con 2 meses de stage adicionales, para ser realizados a elecci\u00f3n, por el estudiante entre las m\u00e1s de 1000 estructuras convencionadas con Chef Academy.<\/h4>\n<h4><strong>Costo del curso: \u20ac4600 sin IVA (El IVA no se aplica en virtud del reconocimiento p\u00fablico del curso).<\/strong><\/h4>\n<h3>EX\u00c1MEN FINAL<\/h3>\n<p>Los ex\u00e1menes de calificaci\u00f3n ser\u00e1n realizados en nuestra sede con la presencia de una comisi\u00f3n formada por:<\/p>\n<ul>\n<li>presidente de la regi\u00f3n<\/li>\n<li>educaci\u00f3n p\u00fablica<\/li>\n<li>ministerio del trabajo<\/li>\n<li>organizaci\u00f3n sindical<\/li>\n<li>representante de la provincia<\/li>\n<li>secretario de la provincia<\/li>\n<\/ul>\n<h3>DOTACI\u00d3N<\/h3>\n<ul>\n<li>MATERIAL DID\u00c1CTICO<\/li>\n<li>SET COMPLETO DE CUCHILLOS<\/li>\n<li>MATERIAS PRIMAS Y DE CONSUMO<\/li>\n<li>CERTIFICADO DE CALIFICACI\u00d3N EN CASO DE IDONEIDAD<\/li>\n<li>CERTIFICADO HACCP Y SEGURIDAD EN LOS LUGARES DE TRABAJO<\/li>\n<li>UNIFORME DE CHEF<\/li>\n<\/ul>\n","protected":false},"excerpt":{"rendered":"<p>El curso profesional de Ayudante de Cocinero permite adquirir conocimientos, competencias y habilidades necesarias para entrar con \u00e9xito en una cocina profesional. El curso, otorgar\u00e1 a los id\u00f3neos, un t\u00edtulo profesional legalmente reconocido de \u201cAyudante de Cocinero\u201d, v\u00e1lido en todo el territorio nacional y comunitario. Adem\u00e1s, est\u00e1n previstos, dos certificados adicionales, HACCP y seguridad en [&hellip;]<\/p>\n","protected":false},"author":2094,"featured_media":113826,"parent":0,"menu_order":150,"comment_status":"open","ping_status":"closed","template":"","meta":{"footnotes":""},"class_list":["post-115645","page","type-page","status-publish","has-post-thumbnail","hentry"],"acf":[],"yoast_head":"<!-- This site is optimized with the Yoast SEO plugin v25.4 - https:\/\/yoast.com\/wordpress\/plugins\/seo\/ -->\n<title>Curso de Ayudante de Cocinero \u2013 215 horas + stage - Chefacademy<\/title>\n<meta name=\"robots\" content=\"index, follow, max-snippet:-1, max-image-preview:large, max-video-preview:-1\" \/>\n<link rel=\"canonical\" href=\"https:\/\/chefacademy.it\/es\/curso-de-ayudante-de-cocinero-215-horas-stage\/\" \/>\n<meta property=\"og:locale\" content=\"es_ES\" \/>\n<meta property=\"og:type\" content=\"article\" \/>\n<meta property=\"og:title\" content=\"Curso de Ayudante de Cocinero \u2013 215 horas + stage - Chefacademy\" \/>\n<meta property=\"og:description\" content=\"El curso profesional de Ayudante de Cocinero permite adquirir conocimientos, competencias y habilidades necesarias para entrar con \u00e9xito en una cocina profesional. El curso, otorgar\u00e1 a los id\u00f3neos, un t\u00edtulo profesional legalmente reconocido de \u201cAyudante de Cocinero\u201d, v\u00e1lido en todo el territorio nacional y comunitario. Adem\u00e1s, est\u00e1n previstos, dos certificados adicionales, HACCP y seguridad en [&hellip;]\" \/>\n<meta property=\"og:url\" content=\"https:\/\/chefacademy.it\/es\/curso-de-ayudante-de-cocinero-215-horas-stage\/\" \/>\n<meta property=\"og:site_name\" content=\"Chefacademy\" \/>\n<meta property=\"article:modified_time\" content=\"2020-10-11T12:11:21+00:00\" \/>\n<meta property=\"og:image\" content=\"https:\/\/chefacademy.it\/wp-content\/uploads\/2015\/01\/corso-aiuto-cocinero-large.jpg\" \/>\n\t<meta property=\"og:image:width\" content=\"770\" \/>\n\t<meta property=\"og:image:height\" content=\"513\" \/>\n\t<meta property=\"og:image:type\" content=\"image\/jpeg\" \/>\n<meta name=\"twitter:card\" content=\"summary_large_image\" \/>\n<meta name=\"twitter:label1\" content=\"Tiempo de lectura\" \/>\n\t<meta name=\"twitter:data1\" content=\"1 minuto\" \/>\n<script type=\"application\/ld+json\" class=\"yoast-schema-graph\">{\"@context\":\"https:\/\/schema.org\",\"@graph\":[{\"@type\":\"WebPage\",\"@id\":\"https:\/\/chefacademy.it\/es\/curso-de-ayudante-de-cocinero-215-horas-stage\/\",\"url\":\"https:\/\/chefacademy.it\/es\/curso-de-ayudante-de-cocinero-215-horas-stage\/\",\"name\":\"Curso de Ayudante de Cocinero \u2013 215 horas + stage - Chefacademy\",\"isPartOf\":{\"@id\":\"https:\/\/chefacademy.it\/#website\"},\"primaryImageOfPage\":{\"@id\":\"https:\/\/chefacademy.it\/es\/curso-de-ayudante-de-cocinero-215-horas-stage\/#primaryimage\"},\"image\":{\"@id\":\"https:\/\/chefacademy.it\/es\/curso-de-ayudante-de-cocinero-215-horas-stage\/#primaryimage\"},\"thumbnailUrl\":\"https:\/\/chefacademy.it\/wp-content\/uploads\/2015\/01\/corso-aiuto-cocinero-large.jpg\",\"datePublished\":\"2015-01-17T14:33:08+00:00\",\"dateModified\":\"2020-10-11T12:11:21+00:00\",\"breadcrumb\":{\"@id\":\"https:\/\/chefacademy.it\/es\/curso-de-ayudante-de-cocinero-215-horas-stage\/#breadcrumb\"},\"inLanguage\":\"es\",\"potentialAction\":[{\"@type\":\"ReadAction\",\"target\":[\"https:\/\/chefacademy.it\/es\/curso-de-ayudante-de-cocinero-215-horas-stage\/\"]}]},{\"@type\":\"ImageObject\",\"inLanguage\":\"es\",\"@id\":\"https:\/\/chefacademy.it\/es\/curso-de-ayudante-de-cocinero-215-horas-stage\/#primaryimage\",\"url\":\"https:\/\/chefacademy.it\/wp-content\/uploads\/2015\/01\/corso-aiuto-cocinero-large.jpg\",\"contentUrl\":\"https:\/\/chefacademy.it\/wp-content\/uploads\/2015\/01\/corso-aiuto-cocinero-large.jpg\",\"width\":770,\"height\":513},{\"@type\":\"BreadcrumbList\",\"@id\":\"https:\/\/chefacademy.it\/es\/curso-de-ayudante-de-cocinero-215-horas-stage\/#breadcrumb\",\"itemListElement\":[{\"@type\":\"ListItem\",\"position\":1,\"name\":\"Home\",\"item\":\"https:\/\/chefacademy.it\/es\/\"},{\"@type\":\"ListItem\",\"position\":2,\"name\":\"Curso de Ayudante de Cocinero \u2013 215 horas + stage\"}]},{\"@type\":\"WebSite\",\"@id\":\"https:\/\/chefacademy.it\/#website\",\"url\":\"https:\/\/chefacademy.it\/\",\"name\":\"Chefacademy\",\"description\":\"Scuola professionale di cucina\",\"potentialAction\":[{\"@type\":\"SearchAction\",\"target\":{\"@type\":\"EntryPoint\",\"urlTemplate\":\"https:\/\/chefacademy.it\/?s={search_term_string}\"},\"query-input\":{\"@type\":\"PropertyValueSpecification\",\"valueRequired\":true,\"valueName\":\"search_term_string\"}}],\"inLanguage\":\"es\"}]}<\/script>\n<!-- \/ Yoast SEO plugin. -->","yoast_head_json":{"title":"Curso de Ayudante de Cocinero \u2013 215 horas + stage - Chefacademy","robots":{"index":"index","follow":"follow","max-snippet":"max-snippet:-1","max-image-preview":"max-image-preview:large","max-video-preview":"max-video-preview:-1"},"canonical":"https:\/\/chefacademy.it\/es\/curso-de-ayudante-de-cocinero-215-horas-stage\/","og_locale":"es_ES","og_type":"article","og_title":"Curso de Ayudante de Cocinero \u2013 215 horas + stage - Chefacademy","og_description":"El curso profesional de Ayudante de Cocinero permite adquirir conocimientos, competencias y habilidades necesarias para entrar con \u00e9xito en una cocina profesional. El curso, otorgar\u00e1 a los id\u00f3neos, un t\u00edtulo profesional legalmente reconocido de \u201cAyudante de Cocinero\u201d, v\u00e1lido en todo el territorio nacional y comunitario. Adem\u00e1s, est\u00e1n previstos, dos certificados adicionales, HACCP y seguridad en [&hellip;]","og_url":"https:\/\/chefacademy.it\/es\/curso-de-ayudante-de-cocinero-215-horas-stage\/","og_site_name":"Chefacademy","article_modified_time":"2020-10-11T12:11:21+00:00","og_image":[{"width":770,"height":513,"url":"https:\/\/chefacademy.it\/wp-content\/uploads\/2015\/01\/corso-aiuto-cocinero-large.jpg","type":"image\/jpeg"}],"twitter_card":"summary_large_image","twitter_misc":{"Tiempo de lectura":"1 minuto"},"schema":{"@context":"https:\/\/schema.org","@graph":[{"@type":"WebPage","@id":"https:\/\/chefacademy.it\/es\/curso-de-ayudante-de-cocinero-215-horas-stage\/","url":"https:\/\/chefacademy.it\/es\/curso-de-ayudante-de-cocinero-215-horas-stage\/","name":"Curso de Ayudante de Cocinero \u2013 215 horas + stage - Chefacademy","isPartOf":{"@id":"https:\/\/chefacademy.it\/#website"},"primaryImageOfPage":{"@id":"https:\/\/chefacademy.it\/es\/curso-de-ayudante-de-cocinero-215-horas-stage\/#primaryimage"},"image":{"@id":"https:\/\/chefacademy.it\/es\/curso-de-ayudante-de-cocinero-215-horas-stage\/#primaryimage"},"thumbnailUrl":"https:\/\/chefacademy.it\/wp-content\/uploads\/2015\/01\/corso-aiuto-cocinero-large.jpg","datePublished":"2015-01-17T14:33:08+00:00","dateModified":"2020-10-11T12:11:21+00:00","breadcrumb":{"@id":"https:\/\/chefacademy.it\/es\/curso-de-ayudante-de-cocinero-215-horas-stage\/#breadcrumb"},"inLanguage":"es","potentialAction":[{"@type":"ReadAction","target":["https:\/\/chefacademy.it\/es\/curso-de-ayudante-de-cocinero-215-horas-stage\/"]}]},{"@type":"ImageObject","inLanguage":"es","@id":"https:\/\/chefacademy.it\/es\/curso-de-ayudante-de-cocinero-215-horas-stage\/#primaryimage","url":"https:\/\/chefacademy.it\/wp-content\/uploads\/2015\/01\/corso-aiuto-cocinero-large.jpg","contentUrl":"https:\/\/chefacademy.it\/wp-content\/uploads\/2015\/01\/corso-aiuto-cocinero-large.jpg","width":770,"height":513},{"@type":"BreadcrumbList","@id":"https:\/\/chefacademy.it\/es\/curso-de-ayudante-de-cocinero-215-horas-stage\/#breadcrumb","itemListElement":[{"@type":"ListItem","position":1,"name":"Home","item":"https:\/\/chefacademy.it\/es\/"},{"@type":"ListItem","position":2,"name":"Curso de Ayudante de Cocinero \u2013 215 horas + stage"}]},{"@type":"WebSite","@id":"https:\/\/chefacademy.it\/#website","url":"https:\/\/chefacademy.it\/","name":"Chefacademy","description":"Scuola professionale di cucina","potentialAction":[{"@type":"SearchAction","target":{"@type":"EntryPoint","urlTemplate":"https:\/\/chefacademy.it\/?s={search_term_string}"},"query-input":{"@type":"PropertyValueSpecification","valueRequired":true,"valueName":"search_term_string"}}],"inLanguage":"es"}]}},"_links":{"self":[{"href":"https:\/\/chefacademy.it\/es\/wp-json\/wp\/v2\/pages\/115645","targetHints":{"allow":["GET"]}}],"collection":[{"href":"https:\/\/chefacademy.it\/es\/wp-json\/wp\/v2\/pages"}],"about":[{"href":"https:\/\/chefacademy.it\/es\/wp-json\/wp\/v2\/types\/page"}],"author":[{"embeddable":true,"href":"https:\/\/chefacademy.it\/es\/wp-json\/wp\/v2\/users\/2094"}],"replies":[{"embeddable":true,"href":"https:\/\/chefacademy.it\/es\/wp-json\/wp\/v2\/comments?post=115645"}],"version-history":[{"count":1,"href":"https:\/\/chefacademy.it\/es\/wp-json\/wp\/v2\/pages\/115645\/revisions"}],"predecessor-version":[{"id":190048,"href":"https:\/\/chefacademy.it\/es\/wp-json\/wp\/v2\/pages\/115645\/revisions\/190048"}],"wp:featuredmedia":[{"embeddable":true,"href":"https:\/\/chefacademy.it\/es\/wp-json\/wp\/v2\/media\/113826"}],"wp:attachment":[{"href":"https:\/\/chefacademy.it\/es\/wp-json\/wp\/v2\/media?parent=115645"}],"curies":[{"name":"wp","href":"https:\/\/api.w.org\/{rel}","templated":true}]}}