{"id":3,"date":"2019-05-23T22:23:41","date_gmt":"2019-05-23T22:23:41","guid":{"rendered":"https:\/\/chefacademy.it\/?page_id=3"},"modified":"2019-06-08T14:47:43","modified_gmt":"2019-06-08T12:47:43","slug":"privacy-policy","status":"publish","type":"page","link":"https:\/\/chefacademy.it\/en\/privacy-policy\/","title":{"rendered":"Privacy Policy"},"content":{"rendered":"<p>TEKNA srl<\/p>\n<p>Informativa sulla Protezione dei Dati Personali (Ai sensi dell\u2019art. 13 del Regolamento Europeo n. 679\/2016)<\/p>\n<p>I. Titolare del Trattamento e DPO<\/p>\n<p>Titolare: Tekna srl, rappresentata dal legale rappresentante contrattabile all\u2019indirizzo privacy@chefacademy.it con sede legale a Terni in Via San Vincenzo, 6 &#8211; Terni<\/p>\n<p>DPO: Data Protection Officer (DPO): protezionedati@chefacademy.it II. Tipologie di dati personali<\/p>\n<p>Dati acquisiti direttamente dall\u2019interessato:<\/p>\n<p>Obbligatori: 1.1 I dati necessari per l\u2019invio della richiesto per l\u2019invio di una richiesta:<\/p>\n<p>&nbsp;<\/p>\n<p>Nominativo, Corso a cui si \u00e8 interessati e in quale sede, Et\u00e0, Citt\u00e0 di residenza, Numero di cellulare, indirizzo Email<\/p>\n<p>III. Finalit\u00e0 del Trattamento<\/p>\n<p>&nbsp;<\/p>\n<p>Ricontattare l\u2019utente che richiede informazioni attraverso o un contatto telefonico o email. Natura del conferimento Obbligatoria Attivit\u00e0 promozionale e di marketing da parte di TEKNA srl; Natura del conferimento Facoltativa; Base giuridica Consenso<\/p>\n<p>Il consenso eventualmente prestato \u00e8 liberamente revocabile in ogni momento, ferma restando la liceit\u00e0 del trattamento effettuato prima della revoca. La revoca del consenso potr\u00e0 avvenire contattando il Data Protection Officer all\u2019indirizzo mail: protezionedati@chefacademy.it<\/p>\n<p>IV. I soggetti destinatari dei dati<\/p>\n<p>I suoi dati verranno trattati soltanto da TEKNA srl in qualit\u00e0 di Responsabili del Trattamento.<\/p>\n<p>V. Conservazione dei dati<\/p>\n<p>I dati personali che ci ha fornito saranno conservati per:<\/p>\n<p>Finalit\u00e0 il cui conferimento ha natura obbligatoria: informazioni sui nostri corsi di formazione per 24 mesi dal conferimento del consenso.<\/p>\n<p>VI. Diritti degli Interessati<\/p>\n<p>Il Regolamento UE 2016\/679 (artt. da 15 a 23) conferisce agli interessati l\u2019esercizio di specifici diritti. In particolare, in relazione al trattamento dei suoi dati personali, ha diritto di chiedere a Expert s.a.s., l\u2019accesso, la rettifica, la cancellazione, la limitazione, l\u2019opposizione e la portabilit\u00e0; inoltre pu\u00f2 proporre reclamo, nei confronti dell\u2019Autorit\u00e0 di Controllo, che in Italia \u00e8 il Garante per la Protezione dei Dati Personali. In qualsiasi momento, potr\u00e0 chiedere di esercitare i suoi diritti contattando il Data Manager a privacy@chefacademy.it , ovvero rivolgendosi al Data Protection Officer all\u2019indirizzo mail: protezionedati@chefacademy.it<\/p>\n","protected":false},"excerpt":{"rendered":"<p>TEKNA srl Informativa sulla Protezione dei Dati Personali (Ai sensi dell\u2019art. 13 del Regolamento Europeo n. 679\/2016) I. Titolare del Trattamento e DPO Titolare: Tekna srl, rappresentata dal legale rappresentante contrattabile all\u2019indirizzo privacy@chefacademy.it con sede legale a Terni in Via San Vincenzo, 6 &#8211; Terni DPO: Data Protection Officer (DPO): protezionedati@chefacademy.it II. Tipologie di dati [&hellip;]<\/p>\n","protected":false},"author":1,"featured_media":0,"parent":0,"menu_order":154,"comment_status":"closed","ping_status":"open","template":"elementor_header_footer","meta":{"footnotes":""},"class_list":["post-3","page","type-page","status-publish","hentry"],"acf":[],"yoast_head":"<!-- This site is optimized with the Yoast SEO plugin v25.4 - https:\/\/yoast.com\/wordpress\/plugins\/seo\/ -->\n<title>Privacy Policy - Chefacademy<\/title>\n<meta name=\"robots\" content=\"index, follow, max-snippet:-1, max-image-preview:large, max-video-preview:-1\" \/>\n<link rel=\"canonical\" href=\"https:\/\/chefacademy.it\/privacy-policy\/\" \/>\n<meta property=\"og:locale\" content=\"en_US\" \/>\n<meta property=\"og:type\" content=\"article\" \/>\n<meta property=\"og:title\" content=\"Privacy Policy - Chefacademy\" \/>\n<meta property=\"og:description\" content=\"TEKNA srl Informativa sulla Protezione dei Dati Personali (Ai sensi dell\u2019art. 13 del Regolamento Europeo n. 679\/2016) I. Titolare del Trattamento e DPO Titolare: Tekna srl, rappresentata dal legale rappresentante contrattabile all\u2019indirizzo privacy@chefacademy.it con sede legale a Terni in Via San Vincenzo, 6 &#8211; Terni DPO: Data Protection Officer (DPO): protezionedati@chefacademy.it II. Tipologie di dati [&hellip;]\" \/>\n<meta property=\"og:url\" content=\"https:\/\/chefacademy.it\/privacy-policy\/\" \/>\n<meta property=\"og:site_name\" content=\"Chefacademy\" \/>\n<meta property=\"article:modified_time\" content=\"2019-06-08T12:47:43+00:00\" \/>\n<meta name=\"twitter:card\" content=\"summary_large_image\" \/>\n<meta name=\"twitter:label1\" content=\"Est. reading time\" \/>\n\t<meta name=\"twitter:data1\" content=\"2 minutes\" \/>\n<script type=\"application\/ld+json\" class=\"yoast-schema-graph\">{\"@context\":\"https:\/\/schema.org\",\"@graph\":[{\"@type\":\"WebPage\",\"@id\":\"https:\/\/chefacademy.it\/privacy-policy\/\",\"url\":\"https:\/\/chefacademy.it\/privacy-policy\/\",\"name\":\"Privacy Policy - Chefacademy\",\"isPartOf\":{\"@id\":\"https:\/\/chefacademy.it\/#website\"},\"datePublished\":\"2019-05-23T22:23:41+00:00\",\"dateModified\":\"2019-06-08T12:47:43+00:00\",\"breadcrumb\":{\"@id\":\"https:\/\/chefacademy.it\/privacy-policy\/#breadcrumb\"},\"inLanguage\":\"en-US\",\"potentialAction\":[{\"@type\":\"ReadAction\",\"target\":[\"https:\/\/chefacademy.it\/privacy-policy\/\"]}]},{\"@type\":\"BreadcrumbList\",\"@id\":\"https:\/\/chefacademy.it\/privacy-policy\/#breadcrumb\",\"itemListElement\":[{\"@type\":\"ListItem\",\"position\":1,\"name\":\"Home\",\"item\":\"https:\/\/chefacademy.it\/\"},{\"@type\":\"ListItem\",\"position\":2,\"name\":\"Privacy Policy\"}]},{\"@type\":\"WebSite\",\"@id\":\"https:\/\/chefacademy.it\/#website\",\"url\":\"https:\/\/chefacademy.it\/\",\"name\":\"Chefacademy\",\"description\":\"Scuola professionale di cucina\",\"potentialAction\":[{\"@type\":\"SearchAction\",\"target\":{\"@type\":\"EntryPoint\",\"urlTemplate\":\"https:\/\/chefacademy.it\/?s={search_term_string}\"},\"query-input\":{\"@type\":\"PropertyValueSpecification\",\"valueRequired\":true,\"valueName\":\"search_term_string\"}}],\"inLanguage\":\"en-US\"}]}<\/script>\n<!-- \/ Yoast SEO plugin. -->","yoast_head_json":{"title":"Privacy Policy - Chefacademy","robots":{"index":"index","follow":"follow","max-snippet":"max-snippet:-1","max-image-preview":"max-image-preview:large","max-video-preview":"max-video-preview:-1"},"canonical":"https:\/\/chefacademy.it\/privacy-policy\/","og_locale":"en_US","og_type":"article","og_title":"Privacy Policy - Chefacademy","og_description":"TEKNA srl Informativa sulla Protezione dei Dati Personali (Ai sensi dell\u2019art. 13 del Regolamento Europeo n. 679\/2016) I. Titolare del Trattamento e DPO Titolare: Tekna srl, rappresentata dal legale rappresentante contrattabile all\u2019indirizzo privacy@chefacademy.it con sede legale a Terni in Via San Vincenzo, 6 &#8211; Terni DPO: Data Protection Officer (DPO): protezionedati@chefacademy.it II. Tipologie di dati [&hellip;]","og_url":"https:\/\/chefacademy.it\/privacy-policy\/","og_site_name":"Chefacademy","article_modified_time":"2019-06-08T12:47:43+00:00","twitter_card":"summary_large_image","twitter_misc":{"Est. reading time":"2 minutes"},"schema":{"@context":"https:\/\/schema.org","@graph":[{"@type":"WebPage","@id":"https:\/\/chefacademy.it\/privacy-policy\/","url":"https:\/\/chefacademy.it\/privacy-policy\/","name":"Privacy Policy - Chefacademy","isPartOf":{"@id":"https:\/\/chefacademy.it\/#website"},"datePublished":"2019-05-23T22:23:41+00:00","dateModified":"2019-06-08T12:47:43+00:00","breadcrumb":{"@id":"https:\/\/chefacademy.it\/privacy-policy\/#breadcrumb"},"inLanguage":"en-US","potentialAction":[{"@type":"ReadAction","target":["https:\/\/chefacademy.it\/privacy-policy\/"]}]},{"@type":"BreadcrumbList","@id":"https:\/\/chefacademy.it\/privacy-policy\/#breadcrumb","itemListElement":[{"@type":"ListItem","position":1,"name":"Home","item":"https:\/\/chefacademy.it\/"},{"@type":"ListItem","position":2,"name":"Privacy Policy"}]},{"@type":"WebSite","@id":"https:\/\/chefacademy.it\/#website","url":"https:\/\/chefacademy.it\/","name":"Chefacademy","description":"Scuola professionale di cucina","potentialAction":[{"@type":"SearchAction","target":{"@type":"EntryPoint","urlTemplate":"https:\/\/chefacademy.it\/?s={search_term_string}"},"query-input":{"@type":"PropertyValueSpecification","valueRequired":true,"valueName":"search_term_string"}}],"inLanguage":"en-US"}]}},"_links":{"self":[{"href":"https:\/\/chefacademy.it\/en\/wp-json\/wp\/v2\/pages\/3","targetHints":{"allow":["GET"]}}],"collection":[{"href":"https:\/\/chefacademy.it\/en\/wp-json\/wp\/v2\/pages"}],"about":[{"href":"https:\/\/chefacademy.it\/en\/wp-json\/wp\/v2\/types\/page"}],"author":[{"embeddable":true,"href":"https:\/\/chefacademy.it\/en\/wp-json\/wp\/v2\/users\/1"}],"replies":[{"embeddable":true,"href":"https:\/\/chefacademy.it\/en\/wp-json\/wp\/v2\/comments?post=3"}],"version-history":[{"count":2,"href":"https:\/\/chefacademy.it\/en\/wp-json\/wp\/v2\/pages\/3\/revisions"}],"predecessor-version":[{"id":275,"href":"https:\/\/chefacademy.it\/en\/wp-json\/wp\/v2\/pages\/3\/revisions\/275"}],"wp:attachment":[{"href":"https:\/\/chefacademy.it\/en\/wp-json\/wp\/v2\/media?parent=3"}],"curies":[{"name":"wp","href":"https:\/\/api.w.org\/{rel}","templated":true}]}}