{"id":115673,"date":"2015-01-19T17:59:59","date_gmt":"2015-01-19T16:59:59","guid":{"rendered":"https:\/\/chefacademy.it\/los-stage\/"},"modified":"2020-10-11T14:09:53","modified_gmt":"2020-10-11T12:09:53","slug":"los-stage","status":"publish","type":"page","link":"https:\/\/chefacademy.it\/en\/los-stage\/","title":{"rendered":"Los stage"},"content":{"rendered":"<h4>M\u00e1s de 1000 estructuras de excelencia, convencionadas con Chef Academy en todo el territorio nacional, permiten al estudiante elegir libremente la destinaci\u00f3n m\u00e1s adecuada a sus propias exigencias y espectativas, para completar su experiencia con 2 meses adicionales \u201cen el campo\u201d y testear las propias habilidades adquiridas durante el curso. Antes de acceder al stage, el estudiante ser\u00e1 presentado al tutor de la estructura de acogida con una breve esqueda descriptiva, a la cual seguir\u00e1 una entrevista personal para formalizar la convenci\u00f3n del stage.<\/h4>\n","protected":false},"excerpt":{"rendered":"<p>M\u00e1s de 1000 estructuras de excelencia, convencionadas con Chef Academy en todo el territorio nacional, permiten al estudiante elegir libremente la destinaci\u00f3n m\u00e1s adecuada a sus propias exigencias y espectativas, para completar su experiencia con 2 meses adicionales \u201cen el campo\u201d y testear las propias habilidades adquiridas durante el curso. Antes de acceder al stage, [&hellip;]<\/p>\n","protected":false},"author":2094,"featured_media":0,"parent":0,"menu_order":145,"comment_status":"open","ping_status":"closed","template":"","meta":{"footnotes":""},"class_list":["post-115673","page","type-page","status-publish","hentry"],"acf":[],"yoast_head":"<!-- This site is optimized with the Yoast SEO plugin v25.4 - https:\/\/yoast.com\/wordpress\/plugins\/seo\/ -->\n<title>Los stage - Chefacademy<\/title>\n<meta name=\"robots\" content=\"index, follow, max-snippet:-1, max-image-preview:large, max-video-preview:-1\" \/>\n<link rel=\"canonical\" href=\"https:\/\/chefacademy.it\/es\/los-stage\/\" \/>\n<meta property=\"og:locale\" content=\"en_US\" \/>\n<meta property=\"og:type\" content=\"article\" \/>\n<meta property=\"og:title\" content=\"Los stage - Chefacademy\" \/>\n<meta property=\"og:description\" content=\"M\u00e1s de 1000 estructuras de excelencia, convencionadas con Chef Academy en todo el territorio nacional, permiten al estudiante elegir libremente la destinaci\u00f3n m\u00e1s adecuada a sus propias exigencias y espectativas, para completar su experiencia con 2 meses adicionales \u201cen el campo\u201d y testear las propias habilidades adquiridas durante el curso. Antes de acceder al stage, [&hellip;]\" \/>\n<meta property=\"og:url\" content=\"https:\/\/chefacademy.it\/es\/los-stage\/\" \/>\n<meta property=\"og:site_name\" content=\"Chefacademy\" \/>\n<meta property=\"article:modified_time\" content=\"2020-10-11T12:09:53+00:00\" \/>\n<meta name=\"twitter:card\" content=\"summary_large_image\" \/>\n<script type=\"application\/ld+json\" class=\"yoast-schema-graph\">{\"@context\":\"https:\/\/schema.org\",\"@graph\":[{\"@type\":\"WebPage\",\"@id\":\"https:\/\/chefacademy.it\/es\/los-stage\/\",\"url\":\"https:\/\/chefacademy.it\/es\/los-stage\/\",\"name\":\"Los stage - Chefacademy\",\"isPartOf\":{\"@id\":\"https:\/\/chefacademy.it\/#website\"},\"datePublished\":\"2015-01-19T16:59:59+00:00\",\"dateModified\":\"2020-10-11T12:09:53+00:00\",\"breadcrumb\":{\"@id\":\"https:\/\/chefacademy.it\/es\/los-stage\/#breadcrumb\"},\"inLanguage\":\"en-US\",\"potentialAction\":[{\"@type\":\"ReadAction\",\"target\":[\"https:\/\/chefacademy.it\/es\/los-stage\/\"]}]},{\"@type\":\"BreadcrumbList\",\"@id\":\"https:\/\/chefacademy.it\/es\/los-stage\/#breadcrumb\",\"itemListElement\":[{\"@type\":\"ListItem\",\"position\":1,\"name\":\"Home\",\"item\":\"https:\/\/chefacademy.it\/\"},{\"@type\":\"ListItem\",\"position\":2,\"name\":\"Los stage\"}]},{\"@type\":\"WebSite\",\"@id\":\"https:\/\/chefacademy.it\/#website\",\"url\":\"https:\/\/chefacademy.it\/\",\"name\":\"Chefacademy\",\"description\":\"Scuola professionale di cucina\",\"potentialAction\":[{\"@type\":\"SearchAction\",\"target\":{\"@type\":\"EntryPoint\",\"urlTemplate\":\"https:\/\/chefacademy.it\/?s={search_term_string}\"},\"query-input\":{\"@type\":\"PropertyValueSpecification\",\"valueRequired\":true,\"valueName\":\"search_term_string\"}}],\"inLanguage\":\"en-US\"}]}<\/script>\n<!-- \/ Yoast SEO plugin. -->","yoast_head_json":{"title":"Los stage - Chefacademy","robots":{"index":"index","follow":"follow","max-snippet":"max-snippet:-1","max-image-preview":"max-image-preview:large","max-video-preview":"max-video-preview:-1"},"canonical":"https:\/\/chefacademy.it\/es\/los-stage\/","og_locale":"en_US","og_type":"article","og_title":"Los stage - Chefacademy","og_description":"M\u00e1s de 1000 estructuras de excelencia, convencionadas con Chef Academy en todo el territorio nacional, permiten al estudiante elegir libremente la destinaci\u00f3n m\u00e1s adecuada a sus propias exigencias y espectativas, para completar su experiencia con 2 meses adicionales \u201cen el campo\u201d y testear las propias habilidades adquiridas durante el curso. Antes de acceder al stage, [&hellip;]","og_url":"https:\/\/chefacademy.it\/es\/los-stage\/","og_site_name":"Chefacademy","article_modified_time":"2020-10-11T12:09:53+00:00","twitter_card":"summary_large_image","schema":{"@context":"https:\/\/schema.org","@graph":[{"@type":"WebPage","@id":"https:\/\/chefacademy.it\/es\/los-stage\/","url":"https:\/\/chefacademy.it\/es\/los-stage\/","name":"Los stage - Chefacademy","isPartOf":{"@id":"https:\/\/chefacademy.it\/#website"},"datePublished":"2015-01-19T16:59:59+00:00","dateModified":"2020-10-11T12:09:53+00:00","breadcrumb":{"@id":"https:\/\/chefacademy.it\/es\/los-stage\/#breadcrumb"},"inLanguage":"en-US","potentialAction":[{"@type":"ReadAction","target":["https:\/\/chefacademy.it\/es\/los-stage\/"]}]},{"@type":"BreadcrumbList","@id":"https:\/\/chefacademy.it\/es\/los-stage\/#breadcrumb","itemListElement":[{"@type":"ListItem","position":1,"name":"Home","item":"https:\/\/chefacademy.it\/"},{"@type":"ListItem","position":2,"name":"Los stage"}]},{"@type":"WebSite","@id":"https:\/\/chefacademy.it\/#website","url":"https:\/\/chefacademy.it\/","name":"Chefacademy","description":"Scuola professionale di cucina","potentialAction":[{"@type":"SearchAction","target":{"@type":"EntryPoint","urlTemplate":"https:\/\/chefacademy.it\/?s={search_term_string}"},"query-input":{"@type":"PropertyValueSpecification","valueRequired":true,"valueName":"search_term_string"}}],"inLanguage":"en-US"}]}},"_links":{"self":[{"href":"https:\/\/chefacademy.it\/en\/wp-json\/wp\/v2\/pages\/115673","targetHints":{"allow":["GET"]}}],"collection":[{"href":"https:\/\/chefacademy.it\/en\/wp-json\/wp\/v2\/pages"}],"about":[{"href":"https:\/\/chefacademy.it\/en\/wp-json\/wp\/v2\/types\/page"}],"author":[{"embeddable":true,"href":"https:\/\/chefacademy.it\/en\/wp-json\/wp\/v2\/users\/2094"}],"replies":[{"embeddable":true,"href":"https:\/\/chefacademy.it\/en\/wp-json\/wp\/v2\/comments?post=115673"}],"version-history":[{"count":1,"href":"https:\/\/chefacademy.it\/en\/wp-json\/wp\/v2\/pages\/115673\/revisions"}],"predecessor-version":[{"id":190044,"href":"https:\/\/chefacademy.it\/en\/wp-json\/wp\/v2\/pages\/115673\/revisions\/190044"}],"wp:attachment":[{"href":"https:\/\/chefacademy.it\/en\/wp-json\/wp\/v2\/media?parent=115673"}],"curies":[{"name":"wp","href":"https:\/\/api.w.org\/{rel}","templated":true}]}}