{"id":115634,"date":"2015-01-17T15:24:20","date_gmt":"2015-01-17T14:24:20","guid":{"rendered":"https:\/\/chefacademy.it\/curso-de-cocinero-350-horas-stage\/"},"modified":"2020-10-11T14:11:28","modified_gmt":"2020-10-11T12:11:28","slug":"curso-de-cocinero-350-horas-stage","status":"publish","type":"page","link":"https:\/\/chefacademy.it\/en\/curso-de-cocinero-350-horas-stage\/","title":{"rendered":"Curso de Cocinero \u2013 350 horas + stage"},"content":{"rendered":"<p><img fetchpriority=\"high\" decoding=\"async\" class=\" size-full wp-image-113808\" src=\"https:\/\/chefacademy.it\/wp-content\/uploads\/2015\/01\/curso-cocinero-large.jpg\" alt=\"\" width=\"770\" height=\"498\" srcset=\"https:\/\/chefacademy.it\/wp-content\/uploads\/2015\/01\/curso-cocinero-large.jpg 770w, https:\/\/chefacademy.it\/wp-content\/uploads\/2015\/01\/curso-cocinero-large-600x388.jpg 600w, https:\/\/chefacademy.it\/wp-content\/uploads\/2015\/01\/curso-cocinero-large-300x194.jpg 300w, https:\/\/chefacademy.it\/wp-content\/uploads\/2015\/01\/curso-cocinero-large-768x497.jpg 768w\" sizes=\"(max-width: 770px) 100vw, 770px\" \/><\/p>\n<h4>El curso profesional de Cocinero, prepara para la profesi\u00f3n, a trav\u00e9s de una formaci\u00f3n orientada hacia los aspectos pr\u00e1cticos, que permitir\u00e1 adquirir al estudiante las habilidades necesarias para emprender una carrera profesional en el sector de Restaurantes.<\/h4>\n<h4>El curso de Cocinero es la carta de presentaci\u00f3n de Chef Academy y afronta durante las lecciones numerosos argumentos, t\u00e9cnicas y conocimientos tem\u00e1ticos (cocina sana, laboratorios sensoriales, combinaci\u00f3n comida\/vino) pasando desde la cocina tradicional a la molecular, desde la cocina regional a la internacional. <\/h4>\n<p>   <!--more-->   <\/p>\n<h4>Los estudiantes, al final del curso ser\u00e1n llamados para realizar un men\u00fa individual y un men\u00fa de grupo, que ser\u00e1 suministrado durante una noche de gala final. <\/h4>\n<h4>El curso otorgar\u00e1 a los id\u00f3neos un t\u00edtulo profesional legalmente reconocido de Cocinero, v\u00e1lido en todo el territorio nacional y comunitario. Est\u00e1n previstos, adem\u00e1s, dos certificados adicionales, HACCP  y seguridad en los lugares de trabajo para los adeptos al servicio de Restaurant, necesarios para ejercitar la profesi\u00f3n de Cocinero.<\/h4>\n<h4>El curso dura 350 horas obligatorias, con 2 meses de stage adicionales, para ser realizados a elecci\u00f3n, por el estudiante, entre las m\u00e1s de 1000 estructuras convencionadas con Chef Academy.<\/h4>\n<h4><strong>Costo del curso: \u20ac 6000 sin IVA (El IVA no se aplica en virtud del reconocimiento p\u00fablico del curso).<\/strong><\/h4>\n<h3>EX\u00c1MEN FINAL<\/h3>\n<p>Los ex\u00e1menes de calificaci\u00f3n ser\u00e1n realizados en nuestra sede con la presencia de una comisi\u00f3n formada por:<\/p>\n<ul>\n<li>presidente de la regi\u00f3n<\/li>\n<li>educaci\u00f3n p\u00fablica<\/li>\n<li>ministerio del trabajo<\/li>\n<li>organizaci\u00f3n sindical<\/li>\n<li>representante de la provincia<\/li>\n<li>secretario de la provincia<\/li>\n<\/ul>\n<h3>DOTACI\u00d3N<\/h3>\n<ul>\n<li>MATERIAL DID\u00c1CTICO<\/li>\n<li>SET COMPLETO DE CUCHILLOS<\/li>\n<li>MATERIAS PRIMAS Y DE CONSUMO<\/li>\n<li>CERTIFICADO DE CALIFICACI\u00d3N EN CASO DE IDONEIDAD<\/li>\n<li>CERTIFICADO HACCP Y SEGURIDAD EN LOS LUGARES DE TRABAJO<\/li>\n<li>UNIFORME DE CHEF<\/li>\n<\/ul>\n","protected":false},"excerpt":{"rendered":"<p>El curso profesional de Cocinero, prepara para la profesi\u00f3n, a trav\u00e9s de una formaci\u00f3n orientada hacia los aspectos pr\u00e1cticos, que permitir\u00e1 adquirir al estudiante las habilidades necesarias para emprender una carrera profesional en el sector de Restaurantes. El curso de Cocinero es la carta de presentaci\u00f3n de Chef Academy y afronta durante las lecciones numerosos [&hellip;]<\/p>\n","protected":false},"author":2094,"featured_media":113808,"parent":0,"menu_order":151,"comment_status":"open","ping_status":"closed","template":"","meta":{"footnotes":""},"class_list":["post-115634","page","type-page","status-publish","has-post-thumbnail","hentry"],"acf":[],"yoast_head":"<!-- This site is optimized with the Yoast SEO plugin v25.4 - https:\/\/yoast.com\/wordpress\/plugins\/seo\/ -->\n<title>Curso de Cocinero \u2013 350 horas + stage - Chefacademy<\/title>\n<meta name=\"robots\" content=\"index, follow, max-snippet:-1, max-image-preview:large, max-video-preview:-1\" \/>\n<link rel=\"canonical\" href=\"https:\/\/chefacademy.it\/en\/curso-de-cocinero-350-horas-stage\/\" \/>\n<meta property=\"og:locale\" content=\"en_US\" \/>\n<meta property=\"og:type\" content=\"article\" \/>\n<meta property=\"og:title\" content=\"Curso de Cocinero \u2013 350 horas + stage - Chefacademy\" \/>\n<meta property=\"og:description\" content=\"El curso profesional de Cocinero, prepara para la profesi\u00f3n, a trav\u00e9s de una formaci\u00f3n orientada hacia los aspectos pr\u00e1cticos, que permitir\u00e1 adquirir al estudiante las habilidades necesarias para emprender una carrera profesional en el sector de Restaurantes. El curso de Cocinero es la carta de presentaci\u00f3n de Chef Academy y afronta durante las lecciones numerosos [&hellip;]\" \/>\n<meta property=\"og:url\" content=\"https:\/\/chefacademy.it\/en\/curso-de-cocinero-350-horas-stage\/\" \/>\n<meta property=\"og:site_name\" content=\"Chefacademy\" \/>\n<meta property=\"article:modified_time\" content=\"2020-10-11T12:11:28+00:00\" \/>\n<meta property=\"og:image\" content=\"https:\/\/chefacademy.it\/wp-content\/uploads\/2015\/01\/curso-cocinero-large.jpg\" \/>\n\t<meta property=\"og:image:width\" content=\"770\" \/>\n\t<meta property=\"og:image:height\" content=\"498\" \/>\n\t<meta property=\"og:image:type\" content=\"image\/jpeg\" \/>\n<meta name=\"twitter:card\" content=\"summary_large_image\" \/>\n<meta name=\"twitter:label1\" content=\"Est. reading time\" \/>\n\t<meta name=\"twitter:data1\" content=\"2 minutes\" \/>\n<script type=\"application\/ld+json\" class=\"yoast-schema-graph\">{\"@context\":\"https:\/\/schema.org\",\"@graph\":[{\"@type\":\"WebPage\",\"@id\":\"https:\/\/chefacademy.it\/en\/curso-de-cocinero-350-horas-stage\/\",\"url\":\"https:\/\/chefacademy.it\/en\/curso-de-cocinero-350-horas-stage\/\",\"name\":\"Curso de Cocinero \u2013 350 horas + stage - Chefacademy\",\"isPartOf\":{\"@id\":\"https:\/\/chefacademy.it\/#website\"},\"primaryImageOfPage\":{\"@id\":\"https:\/\/chefacademy.it\/en\/curso-de-cocinero-350-horas-stage\/#primaryimage\"},\"image\":{\"@id\":\"https:\/\/chefacademy.it\/en\/curso-de-cocinero-350-horas-stage\/#primaryimage\"},\"thumbnailUrl\":\"https:\/\/chefacademy.it\/wp-content\/uploads\/2015\/01\/curso-cocinero-large.jpg\",\"datePublished\":\"2015-01-17T14:24:20+00:00\",\"dateModified\":\"2020-10-11T12:11:28+00:00\",\"breadcrumb\":{\"@id\":\"https:\/\/chefacademy.it\/en\/curso-de-cocinero-350-horas-stage\/#breadcrumb\"},\"inLanguage\":\"en-US\",\"potentialAction\":[{\"@type\":\"ReadAction\",\"target\":[\"https:\/\/chefacademy.it\/en\/curso-de-cocinero-350-horas-stage\/\"]}]},{\"@type\":\"ImageObject\",\"inLanguage\":\"en-US\",\"@id\":\"https:\/\/chefacademy.it\/en\/curso-de-cocinero-350-horas-stage\/#primaryimage\",\"url\":\"https:\/\/chefacademy.it\/wp-content\/uploads\/2015\/01\/curso-cocinero-large.jpg\",\"contentUrl\":\"https:\/\/chefacademy.it\/wp-content\/uploads\/2015\/01\/curso-cocinero-large.jpg\",\"width\":770,\"height\":498},{\"@type\":\"BreadcrumbList\",\"@id\":\"https:\/\/chefacademy.it\/en\/curso-de-cocinero-350-horas-stage\/#breadcrumb\",\"itemListElement\":[{\"@type\":\"ListItem\",\"position\":1,\"name\":\"Home\",\"item\":\"https:\/\/chefacademy.it\/\"},{\"@type\":\"ListItem\",\"position\":2,\"name\":\"Curso de Cocinero \u2013 350 horas + stage\"}]},{\"@type\":\"WebSite\",\"@id\":\"https:\/\/chefacademy.it\/#website\",\"url\":\"https:\/\/chefacademy.it\/\",\"name\":\"Chefacademy\",\"description\":\"Scuola professionale di cucina\",\"potentialAction\":[{\"@type\":\"SearchAction\",\"target\":{\"@type\":\"EntryPoint\",\"urlTemplate\":\"https:\/\/chefacademy.it\/?s={search_term_string}\"},\"query-input\":{\"@type\":\"PropertyValueSpecification\",\"valueRequired\":true,\"valueName\":\"search_term_string\"}}],\"inLanguage\":\"en-US\"}]}<\/script>\n<!-- \/ Yoast SEO plugin. -->","yoast_head_json":{"title":"Curso de Cocinero \u2013 350 horas + stage - Chefacademy","robots":{"index":"index","follow":"follow","max-snippet":"max-snippet:-1","max-image-preview":"max-image-preview:large","max-video-preview":"max-video-preview:-1"},"canonical":"https:\/\/chefacademy.it\/en\/curso-de-cocinero-350-horas-stage\/","og_locale":"en_US","og_type":"article","og_title":"Curso de Cocinero \u2013 350 horas + stage - Chefacademy","og_description":"El curso profesional de Cocinero, prepara para la profesi\u00f3n, a trav\u00e9s de una formaci\u00f3n orientada hacia los aspectos pr\u00e1cticos, que permitir\u00e1 adquirir al estudiante las habilidades necesarias para emprender una carrera profesional en el sector de Restaurantes. El curso de Cocinero es la carta de presentaci\u00f3n de Chef Academy y afronta durante las lecciones numerosos [&hellip;]","og_url":"https:\/\/chefacademy.it\/en\/curso-de-cocinero-350-horas-stage\/","og_site_name":"Chefacademy","article_modified_time":"2020-10-11T12:11:28+00:00","og_image":[{"width":770,"height":498,"url":"https:\/\/chefacademy.it\/wp-content\/uploads\/2015\/01\/curso-cocinero-large.jpg","type":"image\/jpeg"}],"twitter_card":"summary_large_image","twitter_misc":{"Est. reading time":"2 minutes"},"schema":{"@context":"https:\/\/schema.org","@graph":[{"@type":"WebPage","@id":"https:\/\/chefacademy.it\/en\/curso-de-cocinero-350-horas-stage\/","url":"https:\/\/chefacademy.it\/en\/curso-de-cocinero-350-horas-stage\/","name":"Curso de Cocinero \u2013 350 horas + stage - Chefacademy","isPartOf":{"@id":"https:\/\/chefacademy.it\/#website"},"primaryImageOfPage":{"@id":"https:\/\/chefacademy.it\/en\/curso-de-cocinero-350-horas-stage\/#primaryimage"},"image":{"@id":"https:\/\/chefacademy.it\/en\/curso-de-cocinero-350-horas-stage\/#primaryimage"},"thumbnailUrl":"https:\/\/chefacademy.it\/wp-content\/uploads\/2015\/01\/curso-cocinero-large.jpg","datePublished":"2015-01-17T14:24:20+00:00","dateModified":"2020-10-11T12:11:28+00:00","breadcrumb":{"@id":"https:\/\/chefacademy.it\/en\/curso-de-cocinero-350-horas-stage\/#breadcrumb"},"inLanguage":"en-US","potentialAction":[{"@type":"ReadAction","target":["https:\/\/chefacademy.it\/en\/curso-de-cocinero-350-horas-stage\/"]}]},{"@type":"ImageObject","inLanguage":"en-US","@id":"https:\/\/chefacademy.it\/en\/curso-de-cocinero-350-horas-stage\/#primaryimage","url":"https:\/\/chefacademy.it\/wp-content\/uploads\/2015\/01\/curso-cocinero-large.jpg","contentUrl":"https:\/\/chefacademy.it\/wp-content\/uploads\/2015\/01\/curso-cocinero-large.jpg","width":770,"height":498},{"@type":"BreadcrumbList","@id":"https:\/\/chefacademy.it\/en\/curso-de-cocinero-350-horas-stage\/#breadcrumb","itemListElement":[{"@type":"ListItem","position":1,"name":"Home","item":"https:\/\/chefacademy.it\/"},{"@type":"ListItem","position":2,"name":"Curso de Cocinero \u2013 350 horas + stage"}]},{"@type":"WebSite","@id":"https:\/\/chefacademy.it\/#website","url":"https:\/\/chefacademy.it\/","name":"Chefacademy","description":"Scuola professionale di cucina","potentialAction":[{"@type":"SearchAction","target":{"@type":"EntryPoint","urlTemplate":"https:\/\/chefacademy.it\/?s={search_term_string}"},"query-input":{"@type":"PropertyValueSpecification","valueRequired":true,"valueName":"search_term_string"}}],"inLanguage":"en-US"}]}},"_links":{"self":[{"href":"https:\/\/chefacademy.it\/en\/wp-json\/wp\/v2\/pages\/115634","targetHints":{"allow":["GET"]}}],"collection":[{"href":"https:\/\/chefacademy.it\/en\/wp-json\/wp\/v2\/pages"}],"about":[{"href":"https:\/\/chefacademy.it\/en\/wp-json\/wp\/v2\/types\/page"}],"author":[{"embeddable":true,"href":"https:\/\/chefacademy.it\/en\/wp-json\/wp\/v2\/users\/2094"}],"replies":[{"embeddable":true,"href":"https:\/\/chefacademy.it\/en\/wp-json\/wp\/v2\/comments?post=115634"}],"version-history":[{"count":1,"href":"https:\/\/chefacademy.it\/en\/wp-json\/wp\/v2\/pages\/115634\/revisions"}],"predecessor-version":[{"id":190049,"href":"https:\/\/chefacademy.it\/en\/wp-json\/wp\/v2\/pages\/115634\/revisions\/190049"}],"wp:featuredmedia":[{"embeddable":true,"href":"https:\/\/chefacademy.it\/en\/wp-json\/wp\/v2\/media\/113808"}],"wp:attachment":[{"href":"https:\/\/chefacademy.it\/en\/wp-json\/wp\/v2\/media?parent=115634"}],"curies":[{"name":"wp","href":"https:\/\/api.w.org\/{rel}","templated":true}]}}